{"id":4303,"date":"2017-05-03T14:09:21","date_gmt":"2017-05-03T14:09:21","guid":{"rendered":"https:\/\/fivestar.qodeinteractive.com\/?page_id=4303"},"modified":"2023-12-03T22:01:38","modified_gmt":"2023-12-03T21:01:38","slug":"contatti","status":"publish","type":"page","link":"https:\/\/www.circolounionecatania.it\/it\/contatti\/","title":{"rendered":"Contatti"},"content":{"rendered":"<div class=\"wpb-content-wrapper\">[vc_row row_content_width=&#8221;grid&#8221; content_text_aligment=&#8221;center&#8221; css=&#8221;.vc_custom_1675000281368{padding-top: 60px !important;padding-bottom: 50px !important;}&#8221;][vc_column offset=&#8221;vc_col-lg-12 vc_col-md-12&#8243;][vc_row_inner][vc_column_inner]<div class=\"mkdf-section-title-holder  mkdf-st-standard mkdf-st-ha-center mkdf-st-title-left mkdf-st-normal-space \" style=\"text-align: center\">\n\t<div class=\"mkdf-st-inner\">\n\t\t\t\t\t<h6 class=\"mkdf-st-subtitle\" style=\"margin-bottom:2px\">\n\t\t\t\tCircolo Unione Catania 1884\t\t\t<\/h6>\n\t\t\t\t\t\t\t<h2 class=\"mkdf-st-title\" style=\"font-weight: 500\">\n\t\t\t\tContatti\t\t\t\t\t\t\t<\/h2>\n\t\t\t\t\t\t\t<div class=\"mkdf-st-separator\" ><\/div>\n\t\t\t\t\t<\/div>\n<\/div>[\/vc_column_inner][\/vc_row_inner][vc_empty_space height=&#8221;50px&#8221;]<div class=\"mkdf-elements-holder   mkdf-three-columns  mkdf-responsive-mode-768 \" ><div class=\"mkdf-eh-item   mkdf-horizontal-alignment-center \"  data-item-class=\"mkdf-eh-custom-9772\" data-1024-1280=\"0 23%\" data-768-1024=\"0 14%\" data-680=\"0 18%\">\n\t<div class=\"mkdf-eh-item-inner\">\n\t\t<div class=\"mkdf-eh-item-content mkdf-eh-custom-9772\" style=\"padding: 0 27%\">\n\t\t\t<div class=\"mkdf-iwt clearfix  mkdf-iwt-icon-top mkdf-iwt-icon-medium mkdf-iwt-has-separator\">\n\t<div class=\"mkdf-iwt-icon\">\n\t\t\t\t\t\t\t\t\t    <span class=\"mkdf-icon-shortcode mkdf-circle   mkdf-icon-medium\" style=\"width: 80px;height: 80px;line-height: 80px;background-color: #ffffff\" data-hover-background-color=\"#14243d\" data-hover-color=\"#ffffff\" data-color=\"#c59d5f\">\n                    <i class=\"mkdf-icon-linear-icon lnr lnr-map-marker mkdf-icon-element\" style=\"color: #c59d5f;font-size:50px\" ><\/i>            <\/span>\n\t\t\t\t\t\t<\/div>\n\t<div class=\"mkdf-iwt-content\" style=\"padding: 20px 5px 20px 5px\">\n\t\t\t\t\t<h5 class=\"mkdf-iwt-title\" >\n\t\t\t\t\t\t\t\t<span class=\"mkdf-iwt-title-text\">Indirizzo<\/span>\n\t\t\t\t\t\t\t\t\t\t\t<\/h5>\n\t\t\t\t\t\t\t<div class=\"mkdf-iwt-separator\" style=\"margin-top:-6px\"><\/div>\n\t\t\t\t\t\t\t<p class=\"mkdf-iwt-text\" style=\"color: #333333\">Palazzo Biscari Via.Museo Biscari, 10 95131 - Catania<\/p>\n\t\t\t\t\t<\/div>\n<\/div>\t\t<\/div>\n\t<\/div>\n<\/div><div class=\"mkdf-eh-item   mkdf-horizontal-alignment-center \"  data-item-class=\"mkdf-eh-custom-5172\" data-1024-1280=\"0 20%\" data-768-1024=\"0 0\" data-680=\"0 18%\">\n\t<div class=\"mkdf-eh-item-inner\">\n\t\t<div class=\"mkdf-eh-item-content mkdf-eh-custom-5172\" style=\"padding: 0 23%\">\n\t\t\t<div class=\"mkdf-iwt clearfix  mkdf-iwt-icon-top mkdf-iwt-icon-medium mkdf-iwt-has-separator\">\n\t<div class=\"mkdf-iwt-icon\">\n\t\t\t\t\t\t\t\t\t    <span class=\"mkdf-icon-shortcode mkdf-circle   mkdf-icon-medium\" style=\"width: 80px;height: 80px;line-height: 80px;background-color: #ffffff\" data-hover-background-color=\"#333132\" data-hover-color=\"#ffffff\" data-color=\"#c59d5f\">\n                    <i class=\"mkdf-icon-linear-icon lnr lnr-envelope mkdf-icon-element\" style=\"color: #c59d5f;font-size:50px\" ><\/i>            <\/span>\n\t\t\t\t\t\t<\/div>\n\t<div class=\"mkdf-iwt-content\" style=\"padding: 26px 0\">\n\t\t\t\t\t<h5 class=\"mkdf-iwt-title\" >\n\t\t\t\t\t\t\t\t<span class=\"mkdf-iwt-title-text\">SCRIVI<\/span>\n\t\t\t\t\t\t\t\t\t\t\t<\/h5>\n\t\t\t\t\t\t\t<div class=\"mkdf-iwt-separator\" style=\"margin-top:-6px\"><\/div>\n\t\t\t\t\t\t\t<p class=\"mkdf-iwt-text\" style=\"color: #333333\">info@circolounionecatania.it segreteria@circolounionecatania.it<\/p>\n\t\t\t\t\t<\/div>\n<\/div>\t\t<\/div>\n\t<\/div>\n<\/div><div class=\"mkdf-eh-item    \"  data-item-class=\"mkdf-eh-custom-5490\" data-768-1024=\"0 20%\">\n\t<div class=\"mkdf-eh-item-inner\">\n\t\t<div class=\"mkdf-eh-item-content mkdf-eh-custom-5490\" style=\"padding: 0 27%\">\n\t\t\t<div class=\"mkdf-iwt clearfix  mkdf-iwt-icon-top mkdf-iwt-icon-medium mkdf-iwt-has-separator\">\n\t<div class=\"mkdf-iwt-icon\">\n\t\t\t\t\t<a itemprop=\"url\" href=\"\" target=\"_self\">\n\t\t\t\t\t\t\t\t\t    <span class=\"mkdf-icon-shortcode mkdf-circle   mkdf-icon-medium\" style=\"width: 80px;height: 80px;line-height: 80px;background-color: #ffffff\" data-hover-background-color=\"#333132\" data-hover-color=\"#ffffff\" data-color=\"#c59d5f\">\n                    <i class=\"mkdf-icon-linear-icon lnr lnr-phone-handset mkdf-icon-element\" style=\"color: #c59d5f;font-size:50px\" ><\/i>            <\/span>\n\t\t\t\t\t\t\t\t<\/a>\n\t\t\t<\/div>\n\t<div class=\"mkdf-iwt-content\" style=\"padding: 26px 0\">\n\t\t\t\t\t<h5 class=\"mkdf-iwt-title\" >\n\t\t\t\t\t\t\t\t\t<a itemprop=\"url\" href=\"\" target=\"_self\">\n\t\t\t\t\t\t\t\t<span class=\"mkdf-iwt-title-text\">Chiama<\/span>\n\t\t\t\t\t\t\t\t\t<\/a>\n\t\t\t\t\t\t\t\t\t\t\t<\/h5>\n\t\t\t\t\t\t\t<div class=\"mkdf-iwt-separator\" style=\"margin-top:-6px\"><\/div>\n\t\t\t\t\t\t\t<p class=\"mkdf-iwt-text\" style=\"color: #333333\">Tel.0957151640 Fax.0957151640<\/p>\n\t\t\t\t\t<\/div>\n<\/div>\t\t<\/div>\n\t<\/div>\n<\/div><\/div>[vc_row_inner][vc_column_inner][vc_empty_space height=&#8221;20px&#8221;][\/vc_column_inner][\/vc_row_inner][\/vc_column][\/vc_row][vc_row content_text_aligment=&#8221;center&#8221; css=&#8221;.vc_custom_1699268872257{padding-top: 10px !important;padding-bottom: 30px !important;background-color: #14243d !important;}&#8221;][vc_column][vc_row_inner content_placement=&#8221;middle&#8221; row_content_width=&#8221;grid&#8221;][vc_column_inner]<a itemprop=\"url\" href=\"https:\/\/www.circolounionecatania.it\/it\/eventi\/\" target=\"_self\" style=\"background-color: #c59d5f;border-color: #c59d5f;font-size: 16px\" class=\"mkdf-btn mkdf-btn-large mkdf-btn-solid mkdf-btn-custom-hover-bg mkdf-btn-custom-border-hover mkdf-btn-custom-hover-color\" data-hover-color=\"#14243d\" data-hover-bg-color=\"#d3d3d3\" data-hover-border-color=\"#14243d\" >\n    <span class=\"mkdf-btn-text\">EVENTI SOCIALI<\/span>\n    <\/a>[\/vc_column_inner][\/vc_row_inner][\/vc_column][\/vc_row][vc_row css=&#8221;.vc_custom_1699037369846{margin-top: -40px !important;margin-bottom: 10px !important;background-color: #fbf9f9 !important;}&#8221;][vc_column css=&#8221;.vc_custom_1699037290310{margin-top: -20px !important;}&#8221;][vc_column_text]\n<h3 style=\"text-align: center;\">APERTURA DEL CIRCOLO<\/h3>\n[\/vc_column_text][vc_empty_space height=&#8221;30px&#8221;][vc_row_inner row_content_width=&#8221;grid&#8221; css=&#8221;.vc_custom_1699016187609{margin-bottom: 30px !important;}&#8221;][vc_column_inner width=&#8221;1\/2&#8243;][vc_column_text]\n<h4><span style=\"color: #333333;\"><strong>Le sale del Circolo sono aperte ai Soci:<br \/>\n<\/strong>tutti i giorni tranne il Marted\u00ec, dalle 10:30 alle 20:00<\/span><br \/>\n<span style=\"color: #333333;\">salvo eventi e quanto indicato nella circolare mensile.<\/span><\/h4>\n<h4><span style=\"color: #333333;\"><strong>Per informazioni:<\/strong><\/span><br \/>\n<span style=\"color: #333333;\">Tel. 095 7151640<\/span><br \/>\n<span style=\"color: #333333;\">e-mail: <a style=\"color: #333333;\" href=\"mailto:info@circolounionecatania.it\">info@circolounionecatania.it<\/a><\/span><\/h4>\n[\/vc_column_text][\/vc_column_inner][vc_column_inner width=&#8221;1\/2&#8243;][vc_column_text]\n<h4><span style=\"color: #333333;\"><strong>La Segreteria \u00e8 a disposizione dei Soci:<\/strong><\/span><br \/>\n<span style=\"color: #333333;\">Luned\u00ec e Gioved\u00ec<\/span><br \/>\n<span style=\"color: #333333;\">dalle 09:30 alle 13:00<br \/>\n<\/span><\/h4>\n<h4><span style=\"color: #333333;\"><strong>Per informazioni:<\/strong><\/span><br \/>\n<span style=\"color: #333333;\">Tel. 095 7151640<\/span><br \/>\n<span style=\"color: #333333;\">e-mail: <\/span><a href=\"mailto:segreteria@circolounionecatania.it\"><span style=\"color: #333333;\">segreteria@circolounionecatania.it<\/span><\/a><\/h4>\n[\/vc_column_text][\/vc_column_inner][\/vc_row_inner][\/vc_column][\/vc_row][vc_row][vc_column][vc_empty_space height=&#8221;50px&#8221;][\/vc_column][\/vc_row][vc_row row_content_width=&#8221;grid&#8221;][vc_column width=&#8221;1\/2&#8243; css=&#8221;.vc_custom_1699271470297{margin-top: -10px !important;}&#8221;][vc_column_text]\n<h3>SCRIVICI<\/h3>\n[\/vc_column_text][vc_empty_space height=&#8221;7px&#8221;][vc_column_text]<span style=\"color: #333333;\">Gent.le Socio\/a per ricevere informazioni o per essere ricontattato, ti invitiamo a compilare il form qui a fianco. Grazie.<\/span>[\/vc_column_text][vc_single_image image=&#8221;16826&#8243; img_size=&#8221;200&#215;200&#8243; alignment=&#8221;center&#8221; onclick=&#8221;custom_link&#8221; css=&#8221;.vc_custom_1700065064885{margin-top: 30px !important;margin-bottom: 30px !important;}&#8221; link=&#8221;https:\/\/www.circolounionecatania.it\/it\/&#8221;][vc_column_text]\n<h4 style=\"text-align: center;\"><span style=\"color: #333333;\"><strong>* * *<\/strong><br \/>\n<\/span><\/h4>\n[\/vc_column_text][vc_column_text css=&#8221;.vc_custom_1701637297202{margin-top: 10px !important;}&#8221;]<span style=\"color: #333333;\">Il presente Sito Web \u00e8 stato realizzato per volont\u00e0 e con i suggerimenti del gi\u00e0 Presidente B.ne Guglielmo Scammacca della Bruca e del Presidente Cav. Antonio Pennisi di Floristella.<br \/>\n<\/span>[\/vc_column_text][vc_empty_space height=&#8221;50px&#8221;][vc_row_inner][vc_column_inner][vc_empty_space height=&#8221;7px&#8221;][vc_column_text]\n<p style=\"text-align: left;\"><span style=\"color: #333333;\"><a href=\"https:\/\/www.iccdigitalmedia.com\" target=\"_blank\" rel=\"noopener\"><img loading=\"lazy\" decoding=\"async\" class=\"size-full wp-image-16395 alignright\" src=\"https:\/\/www.circolounionecatania.it\/wp-content\/uploads\/2023\/11\/ICC-DIGITAL-MEDIA.png\" alt=\"ICC DIGITAL MEDIA\" width=\"152\" height=\"83\" srcset=\"https:\/\/www.circolounionecatania.it\/wp-content\/uploads\/2023\/11\/ICC-DIGITAL-MEDIA.png 152w, https:\/\/www.circolounionecatania.it\/wp-content\/uploads\/2023\/11\/ICC-DIGITAL-MEDIA-150x83.png 150w\" sizes=\"auto, (max-width: 152px) 100vw, 152px\" \/><\/a><br \/>\nSviluppato per il Circolo Unione Catania 1884 da<br \/>\n<\/span><\/p>\n[\/vc_column_text][\/vc_column_inner][\/vc_row_inner][vc_empty_space height=&#8221;15px&#8221;][vc_column_text]\n<p style=\"text-align: left;\"><span style=\"color: #333333;\">Per segnalazioni e\/o suggerimenti: <a href=\"mailto: site@circolounionecatania.it\">site@circolounionecatania.it<\/a><\/span><\/p>\n[\/vc_column_text][vc_empty_space height=&#8221;30px&#8221;][\/vc_column][vc_column width=&#8221;1\/2&#8243; css=&#8221;.vc_custom_1699360857430{margin-top: 20px !important;margin-right: 30px !important;padding-right: 20px !important;padding-left: 30px !important;}&#8221;]\n<div class=\"wpcf7 no-js\" id=\"wpcf7-f3858-o1\" lang=\"en-US\" dir=\"ltr\" data-wpcf7-id=\"3858\">\n<div class=\"screen-reader-response\"><p role=\"status\" aria-live=\"polite\" aria-atomic=\"true\"><\/p> <ul><\/ul><\/div>\n<form action=\"\/it\/wp-json\/wp\/v2\/pages\/4303#wpcf7-f3858-o1\" method=\"post\" class=\"wpcf7-form init\" aria-label=\"Contact form\" novalidate=\"novalidate\" data-status=\"init\">\n<fieldset class=\"hidden-fields-container\"><input type=\"hidden\" name=\"_wpcf7\" value=\"3858\" \/><input type=\"hidden\" name=\"_wpcf7_version\" value=\"6.1.5\" \/><input type=\"hidden\" name=\"_wpcf7_locale\" value=\"en_US\" \/><input type=\"hidden\" name=\"_wpcf7_unit_tag\" value=\"wpcf7-f3858-o1\" \/><input type=\"hidden\" name=\"_wpcf7_container_post\" value=\"0\" \/><input type=\"hidden\" name=\"_wpcf7_posted_data_hash\" value=\"\" \/><input type=\"hidden\" name=\"_wpcf7_recaptcha_response\" value=\"\" \/>\n<\/fieldset>\n<p><label> Nome\/Cognome*<br \/>\n<span class=\"wpcf7-form-control-wrap\" data-name=\"your-name\"><input size=\"40\" maxlength=\"400\" class=\"wpcf7-form-control wpcf7-text wpcf7-validates-as-required\" aria-required=\"true\" aria-invalid=\"false\" value=\"\" type=\"text\" name=\"your-name\" \/><\/span> <\/label>\n<\/p>\n<p><label> e-mail*<br \/>\n<span class=\"wpcf7-form-control-wrap\" data-name=\"your-email\"><input size=\"40\" maxlength=\"400\" class=\"wpcf7-form-control wpcf7-email wpcf7-validates-as-required wpcf7-text wpcf7-validates-as-email\" aria-required=\"true\" aria-invalid=\"false\" value=\"\" type=\"email\" name=\"your-email\" \/><\/span> <\/label>\n<\/p>\n<p><label>Tel. <span class=\"wpcf7-form-control-wrap\" data-name=\"tel-577\"><input size=\"40\" maxlength=\"400\" class=\"wpcf7-form-control wpcf7-tel wpcf7-text wpcf7-validates-as-tel\" aria-invalid=\"false\" placeholder=\"\" value=\"\" type=\"tel\" name=\"tel-577\" \/><\/span> <\/label>\n<\/p>\n<p><label> Messaggio*<br \/>\n<span class=\"wpcf7-form-control-wrap\" data-name=\"website\"><textarea cols=\"40\" rows=\"4\" maxlength=\"2000\" class=\"wpcf7-form-control wpcf7-textarea wpcf7-validates-as-required\" aria-required=\"true\" aria-invalid=\"false\" placeholder=\"\" name=\"website\"><\/textarea><\/span> <\/label>\n<\/p>\n<p>*Richiesto\n<\/p>\n<p><span class=\"wpcf7-form-control-wrap\" data-name=\"Informazioni\"><span class=\"wpcf7-form-control wpcf7-acceptance\"><span class=\"wpcf7-list-item\"><input type=\"checkbox\" name=\"Informazioni\" value=\"1\" aria-invalid=\"false\" \/><\/span><\/span><\/span> Ho preso visione della <span style=\"color: #c59d5f;\"><a style=\"color:#c59d5f;\" href=\"https:\/\/www.circolounionecatania.it\/it\/privacy-policy\" target=\"_blank\" rel=\"noopener\">informativa di cui agli artt. 13 e 14 del Regolamento 2016\/679 (GDPR)<\/a> <\/span>presente sul sito e presto consenso informato al trattamento dei miei dati personali per ricevere le informazioni e i servizi richiesti.<br \/>\n.<br \/>\n<\/p>\n<div>\n\t<p><input class=\"wpcf7-form-control wpcf7-submit has-spinner\" type=\"submit\" value=\"INVIA\" \/>\n\t<\/p>\n<\/div><div class=\"wpcf7-response-output\" aria-hidden=\"true\"><\/div>\n<\/form>\n<\/div>\n[\/vc_column][\/vc_row][vc_row][vc_column][vc_empty_space height=&#8221;100px&#8221;]<div class=\"mkdf-google-map-holder\">\n\t<div class=\"mkdf-google-map\" id=\"mkdf-map-2221055\" data-addresses='[\"Via Museo Biscari, 10, 95131 Catania CT\"]' data-custom-map-style=yes data-color-overlay=#c48425 data-saturation=70 data-lightness=-10 data-zoom=18 data-pin=https:\/\/www.circolounionecatania.it\/wp-content\/uploads\/2017\/04\/pin.png data-unique-id=2221055 data-scroll-wheel=no data-height=400px><\/div>\n\t\t\t<div class=\"mkdf-google-map-overlay\"><\/div>\n\t<\/div>\n[vc_empty_space height=&#8221;15px&#8221;][\/vc_column][\/vc_row]\n<\/div>","protected":false},"excerpt":{"rendered":"<p>[vc_row row_content_width=&#8221;grid&#8221; content_text_aligment=&#8221;center&#8221; css=&#8221;.vc_custom_1675000281368{padding-top: 60px !important;padding-bottom: 50px !important;}&#8221;][vc_column offset=&#8221;vc_col-lg-12 vc_col-md-12&#8243;][vc_row_inner][vc_column_inner][\/vc_column_inner][\/vc_row_inner][vc_empty_space height=&#8221;50px&#8221;][vc_row_inner][vc_column_inner][vc_empty_space height=&#8221;20px&#8221;][\/vc_column_inner][\/vc_row_inner][\/vc_column][\/vc_row][vc_row content_text_aligment=&#8221;center&#8221; css=&#8221;.vc_custom_1699268872257{padding-top: 10px !important;padding-bottom: 30px !important;background-color: #14243d !important;}&#8221;][vc_column][vc_row_inner content_placement=&#8221;middle&#8221; row_content_width=&#8221;grid&#8221;][vc_column_inner][\/vc_column_inner][\/vc_row_inner][\/vc_column][\/vc_row][vc_row css=&#8221;.vc_custom_1699037369846{margin-top: -40px !important;margin-bottom: 10px !important;background-color: #fbf9f9 !important;}&#8221;][vc_column css=&#8221;.vc_custom_1699037290310{margin-top: -20px !important;}&#8221;][vc_column_text] APERTURA DEL CIRCOLO [\/vc_column_text][vc_empty_space height=&#8221;30px&#8221;][vc_row_inner row_content_width=&#8221;grid&#8221; css=&#8221;.vc_custom_1699016187609{margin-bottom: 30px [&hellip;]<\/p>\n","protected":false},"author":1,"featured_media":0,"parent":0,"menu_order":0,"comment_status":"closed","ping_status":"closed","template":"full-width.php","meta":{"footnotes":""},"class_list":["post-4303","page","type-page","status-publish","hentry"],"yoast_head":"<!-- This site is optimized with the Yoast SEO plugin v27.3 - https:\/\/yoast.com\/product\/yoast-seo-wordpress\/ -->\n<title>Informazioni e contatti | Circolo Unione Catania 1884<\/title>\n<meta name=\"description\" content=\"Contatti Circolo Unione Catania 1884\" \/>\n<meta name=\"robots\" content=\"index, follow, max-snippet:-1, max-image-preview:large, max-video-preview:-1\" \/>\n<link rel=\"canonical\" href=\"https:\/\/www.circolounionecatania.it\/it\/contatti\/\" \/>\n<meta property=\"og:locale\" content=\"it_IT\" \/>\n<meta property=\"og:type\" content=\"article\" \/>\n<meta property=\"og:title\" content=\"Informazioni e contatti | Circolo Unione Catania 1884\" \/>\n<meta property=\"og:description\" content=\"Contatti Circolo Unione Catania 1884\" \/>\n<meta property=\"og:url\" content=\"https:\/\/www.circolounionecatania.it\/it\/contatti\/\" \/>\n<meta property=\"og:site_name\" content=\"Circolo Unione Catania\" \/>\n<meta property=\"article:modified_time\" content=\"2023-12-03T21:01:38+00:00\" \/>\n<meta property=\"og:image\" content=\"https:\/\/www.circolounionecatania.it\/wp-content\/uploads\/2023\/11\/ICC-DIGITAL-MEDIA.png\" \/>\n<meta name=\"twitter:card\" content=\"summary_large_image\" \/>\n<meta name=\"twitter:label1\" content=\"Tempo di lettura stimato\" \/>\n\t<meta name=\"twitter:data1\" content=\"3 minuti\" \/>\n<script type=\"application\/ld+json\" class=\"yoast-schema-graph\">{\"@context\":\"https:\\\/\\\/schema.org\",\"@graph\":[{\"@type\":\"WebPage\",\"@id\":\"https:\\\/\\\/www.circolounionecatania.it\\\/it\\\/contatti\\\/\",\"url\":\"https:\\\/\\\/www.circolounionecatania.it\\\/it\\\/contatti\\\/\",\"name\":\"Informazioni e contatti | Circolo Unione Catania 1884\",\"isPartOf\":{\"@id\":\"https:\\\/\\\/www.circolounionecatania.it\\\/it\\\/#website\"},\"primaryImageOfPage\":{\"@id\":\"https:\\\/\\\/www.circolounionecatania.it\\\/it\\\/contatti\\\/#primaryimage\"},\"image\":{\"@id\":\"https:\\\/\\\/www.circolounionecatania.it\\\/it\\\/contatti\\\/#primaryimage\"},\"thumbnailUrl\":\"https:\\\/\\\/www.circolounionecatania.it\\\/wp-content\\\/uploads\\\/2023\\\/11\\\/ICC-DIGITAL-MEDIA.png\",\"datePublished\":\"2017-05-03T14:09:21+00:00\",\"dateModified\":\"2023-12-03T21:01:38+00:00\",\"description\":\"Contatti Circolo Unione Catania 1884\",\"breadcrumb\":{\"@id\":\"https:\\\/\\\/www.circolounionecatania.it\\\/it\\\/contatti\\\/#breadcrumb\"},\"inLanguage\":\"it-IT\",\"potentialAction\":[{\"@type\":\"ReadAction\",\"target\":[\"https:\\\/\\\/www.circolounionecatania.it\\\/it\\\/contatti\\\/\"]}]},{\"@type\":\"ImageObject\",\"inLanguage\":\"it-IT\",\"@id\":\"https:\\\/\\\/www.circolounionecatania.it\\\/it\\\/contatti\\\/#primaryimage\",\"url\":\"https:\\\/\\\/www.circolounionecatania.it\\\/wp-content\\\/uploads\\\/2023\\\/11\\\/ICC-DIGITAL-MEDIA.png\",\"contentUrl\":\"https:\\\/\\\/www.circolounionecatania.it\\\/wp-content\\\/uploads\\\/2023\\\/11\\\/ICC-DIGITAL-MEDIA.png\"},{\"@type\":\"BreadcrumbList\",\"@id\":\"https:\\\/\\\/www.circolounionecatania.it\\\/it\\\/contatti\\\/#breadcrumb\",\"itemListElement\":[{\"@type\":\"ListItem\",\"position\":1,\"name\":\"Home\",\"item\":\"https:\\\/\\\/www.circolounionecatania.it\\\/it\\\/\"},{\"@type\":\"ListItem\",\"position\":2,\"name\":\"Contatti\"}]},{\"@type\":\"WebSite\",\"@id\":\"https:\\\/\\\/www.circolounionecatania.it\\\/it\\\/#website\",\"url\":\"https:\\\/\\\/www.circolounionecatania.it\\\/it\\\/\",\"name\":\"Circolo Unione Catania\",\"description\":\"1884\",\"potentialAction\":[{\"@type\":\"SearchAction\",\"target\":{\"@type\":\"EntryPoint\",\"urlTemplate\":\"https:\\\/\\\/www.circolounionecatania.it\\\/it\\\/?s={search_term_string}\"},\"query-input\":{\"@type\":\"PropertyValueSpecification\",\"valueRequired\":true,\"valueName\":\"search_term_string\"}}],\"inLanguage\":\"it-IT\"}]}<\/script>\n<!-- \/ Yoast SEO plugin. -->","yoast_head_json":{"title":"Informazioni e contatti | Circolo Unione Catania 1884","description":"Contatti Circolo Unione Catania 1884","robots":{"index":"index","follow":"follow","max-snippet":"max-snippet:-1","max-image-preview":"max-image-preview:large","max-video-preview":"max-video-preview:-1"},"canonical":"https:\/\/www.circolounionecatania.it\/it\/contatti\/","og_locale":"it_IT","og_type":"article","og_title":"Informazioni e contatti | Circolo Unione Catania 1884","og_description":"Contatti Circolo Unione Catania 1884","og_url":"https:\/\/www.circolounionecatania.it\/it\/contatti\/","og_site_name":"Circolo Unione Catania","article_modified_time":"2023-12-03T21:01:38+00:00","og_image":[{"url":"https:\/\/www.circolounionecatania.it\/wp-content\/uploads\/2023\/11\/ICC-DIGITAL-MEDIA.png","type":"","width":"","height":""}],"twitter_card":"summary_large_image","twitter_misc":{"Tempo di lettura stimato":"3 minuti"},"schema":{"@context":"https:\/\/schema.org","@graph":[{"@type":"WebPage","@id":"https:\/\/www.circolounionecatania.it\/it\/contatti\/","url":"https:\/\/www.circolounionecatania.it\/it\/contatti\/","name":"Informazioni e contatti | Circolo Unione Catania 1884","isPartOf":{"@id":"https:\/\/www.circolounionecatania.it\/it\/#website"},"primaryImageOfPage":{"@id":"https:\/\/www.circolounionecatania.it\/it\/contatti\/#primaryimage"},"image":{"@id":"https:\/\/www.circolounionecatania.it\/it\/contatti\/#primaryimage"},"thumbnailUrl":"https:\/\/www.circolounionecatania.it\/wp-content\/uploads\/2023\/11\/ICC-DIGITAL-MEDIA.png","datePublished":"2017-05-03T14:09:21+00:00","dateModified":"2023-12-03T21:01:38+00:00","description":"Contatti Circolo Unione Catania 1884","breadcrumb":{"@id":"https:\/\/www.circolounionecatania.it\/it\/contatti\/#breadcrumb"},"inLanguage":"it-IT","potentialAction":[{"@type":"ReadAction","target":["https:\/\/www.circolounionecatania.it\/it\/contatti\/"]}]},{"@type":"ImageObject","inLanguage":"it-IT","@id":"https:\/\/www.circolounionecatania.it\/it\/contatti\/#primaryimage","url":"https:\/\/www.circolounionecatania.it\/wp-content\/uploads\/2023\/11\/ICC-DIGITAL-MEDIA.png","contentUrl":"https:\/\/www.circolounionecatania.it\/wp-content\/uploads\/2023\/11\/ICC-DIGITAL-MEDIA.png"},{"@type":"BreadcrumbList","@id":"https:\/\/www.circolounionecatania.it\/it\/contatti\/#breadcrumb","itemListElement":[{"@type":"ListItem","position":1,"name":"Home","item":"https:\/\/www.circolounionecatania.it\/it\/"},{"@type":"ListItem","position":2,"name":"Contatti"}]},{"@type":"WebSite","@id":"https:\/\/www.circolounionecatania.it\/it\/#website","url":"https:\/\/www.circolounionecatania.it\/it\/","name":"Circolo Unione Catania","description":"1884","potentialAction":[{"@type":"SearchAction","target":{"@type":"EntryPoint","urlTemplate":"https:\/\/www.circolounionecatania.it\/it\/?s={search_term_string}"},"query-input":{"@type":"PropertyValueSpecification","valueRequired":true,"valueName":"search_term_string"}}],"inLanguage":"it-IT"}]}},"_links":{"self":[{"href":"https:\/\/www.circolounionecatania.it\/it\/wp-json\/wp\/v2\/pages\/4303","targetHints":{"allow":["GET"]}}],"collection":[{"href":"https:\/\/www.circolounionecatania.it\/it\/wp-json\/wp\/v2\/pages"}],"about":[{"href":"https:\/\/www.circolounionecatania.it\/it\/wp-json\/wp\/v2\/types\/page"}],"author":[{"embeddable":true,"href":"https:\/\/www.circolounionecatania.it\/it\/wp-json\/wp\/v2\/users\/1"}],"replies":[{"embeddable":true,"href":"https:\/\/www.circolounionecatania.it\/it\/wp-json\/wp\/v2\/comments?post=4303"}],"version-history":[{"count":2,"href":"https:\/\/www.circolounionecatania.it\/it\/wp-json\/wp\/v2\/pages\/4303\/revisions"}],"predecessor-version":[{"id":17736,"href":"https:\/\/www.circolounionecatania.it\/it\/wp-json\/wp\/v2\/pages\/4303\/revisions\/17736"}],"wp:attachment":[{"href":"https:\/\/www.circolounionecatania.it\/it\/wp-json\/wp\/v2\/media?parent=4303"}],"curies":[{"name":"wp","href":"https:\/\/api.w.org\/{rel}","templated":true}]}}