{"id":4232,"date":"2017-05-03T10:37:11","date_gmt":"2017-05-03T10:37:11","guid":{"rendered":"https:\/\/fivestar.qodeinteractive.com\/?page_id=4232"},"modified":"2025-02-19T21:43:58","modified_gmt":"2025-02-19T20:43:58","slug":"sede-palazzo-biscari","status":"publish","type":"page","link":"https:\/\/www.circolounionecatania.it\/it\/sede-palazzo-biscari\/","title":{"rendered":"Sede Circolo Unione Catania"},"content":{"rendered":"<div class=\"wpb-content-wrapper\">[vc_row content_placement=&#8221;middle&#8221; row_content_width=&#8221;grid&#8221; css=&#8221;.vc_custom_1675678732344{margin-top: 80px !important;}&#8221;][vc_column width=&#8221;1\/2&#8243;]<div class=\"mkdf-section-title-holder  mkdf-st-elegant  mkdf-st-title-left mkdf-st-normal-space \" style=\"padding: 0 0px 0px 0px 0px\">\n\t<div class=\"mkdf-st-inner\">\n\t\t\t\t\t<h6 class=\"mkdf-st-subtitle\" style=\"margin-bottom:2px\">\n\t\t\t\tCircolo Unione Catania 1884\t\t\t<\/h6>\n\t\t\t\t\t\t\t<h2 class=\"mkdf-st-title\" >\n\t\t\t\tSede\t\t\t\t\t\t\t\t\t<span class=\"mkdf-st-e-separator\" ><\/span>\n\t\t\t\t\t\t\t<\/h2>\n\t\t\t\t\t\t\t<\/div>\n<\/div>[vc_empty_space height=&#8221;20px&#8221;][vc_column_text]<span style=\"color: #000000;\">La sede del Circolo Unione Catania 1884 \u00e8 stabilita presso il seicentesco <strong>Palazzo Biscari.<\/strong><\/span><\/p>\n<p><span style=\"color: #000000;\">Palazzo Biscari \u00e8 il pi\u00f9 importante palazzo privato di Catania, realizzato per volere della famiglia Patern\u00f2 Castello principi di Biscari, a partire dalla fine del Seicento e per gran parte del secolo successivo, in seguito al catastrofico terremoto dell\u201911 gennaio 1693.<\/span><\/p>\n<p><span style=\"color: #000000;\">Il nuovo palazzo venne edificato sulle mura di Catania, costruite per volere dell\u2019imperatore Carlo V nel Cinquecento e che avevano in parte resistito alla furia del terremoto: i Biscari furono una delle poche famiglie aristocratiche della citt\u00e0 che ottenne il permesso regio di costruire su di esse.<\/span><\/p>\n<p><span style=\"color: #000000;\">La parte pi\u00f9 antica del palazzo fu costruita per volere di Ignazio, terzo principe di Biscari, che affid\u00f2 il progetto all\u2019architetto Alonzo Di Benedetto, ma fu il figlio di Ignazio, Vincenzo, succeduto al padre nel 1699, a commissionare la decorazione dei sette splendidi finestroni affacciati sulla marina, opera dello scultore messinese Antonino Amato.<\/span><\/p>\n<p><span style=\"color: #000000;\">Successivamente il palazzo fu modificato per volere di <strong>Ignazio Patern\u00f2 Castello<\/strong>, quinto principe di Biscari, il quale lo fece ampliare verso est su progetto di Girolamo Palazzotto e, successivamente, di Francesco Battaglia.<\/span><\/p>\n<p><span class=\"mkdf-st-text\"><span style=\"color: #333333;\"><span style=\"color: #000000;\">L\u2019edificio venne infine ultimato nel 1763 ed inaugurato con grandiosi festeggiamenti.\u00a0<\/span><br \/>\n<span style=\"color: #000000;\">Al palazzo si accede attraverso un grande portale su via Museo Biscari.<\/span><br \/>\n<\/span> <\/span>[\/vc_column_text][vc_empty_space height=&#8221;30px&#8221;][\/vc_column][vc_column width=&#8221;1\/2&#8243; css=&#8221;.vc_custom_1675452140788{margin-left: 40px !important;}&#8221;][vc_single_image image=&#8221;16520&#8243; img_size=&#8221;full&#8221; alignment=&#8221;center&#8221; css=&#8221;.vc_custom_1699360054603{margin-right: 20px !important;}&#8221;][vc_column_text]\n<p style=\"text-align: center;\">Salone dell&#8217;Orchestra | Palazzo Biscari 1693 &#8211; Catania<\/p>\n[\/vc_column_text][\/vc_column][\/vc_row][vc_row simple_background_color=&#8221;#fbf9f9&#8243; css=&#8221;.vc_custom_1699114349015{margin-top: 80px !important;padding-top: 50px !important;padding-bottom: 50px !important;}&#8221;][vc_column][vc_row_inner row_content_width=&#8221;grid&#8221;][vc_column_inner width=&#8221;1\/2&#8243;][vc_single_image image=&#8221;16514&#8243; img_size=&#8221;full&#8221; alignment=&#8221;center&#8221; style=&#8221;vc_box_shadow&#8221; onclick=&#8221;link_image&#8221; css=&#8221;.vc_custom_1699114477284{margin-right: 30px !important;border-top-width: 2px !important;border-right-width: 2px !important;border-bottom-width: 2px !important;border-left-width: 2px !important;border-left-color: #ffffff !important;border-right-color: #ffffff !important;border-top-color: #ffffff !important;border-bottom-color: #ffffff !important;}&#8221;][vc_empty_space height=&#8221;30px&#8221;][\/vc_column_inner][vc_column_inner width=&#8221;1\/2&#8243;]<div class=\"mkdf-section-title-holder  mkdf-st-standard mkdf-st-ha-left mkdf-st-title-left mkdf-st-normal-space \" style=\"text-align: left\">\n\t<div class=\"mkdf-st-inner\">\n\t\t\t\t\t<h6 class=\"mkdf-st-subtitle\" style=\"margin-bottom:0px\">\n\t\t\t\tPalazzo Biscasri 1693\t\t\t<\/h6>\n\t\t\t\t\t\t\t<h3 class=\"mkdf-st-title\" >\n\t\t\t\tSTORIA &amp; ARTE\t\t\t\t\t\t\t<\/h3>\n\t\t\t\t\t\t\t<\/div>\n<\/div>[vc_empty_space height=&#8221;10px&#8221;][vc_column_text]\n<div id=\"01\" class=\"wpb_text_column wpb_content_element\">\n<div class=\"wpb_wrapper\">\n<p><span style=\"color: #333333;\">Il palazzo dei Patern\u00f2 Castello, Principi di Biscari \u00e8, assieme al Monastero dei Benedettini San Nicol\u00f2 l\u2019Arena, l\u2019edificio pi\u00f9 importante e noto dell\u2019architettura settecentesca a Catania.<\/span><\/p>\n<p><span style=\"color: #333333;\">Sorge su un tratto delle mura cinquecentesche della Citt\u00e0, sulle quali, subito dopo il terremoto del 1693, Ignazio Patern\u00f2 Castello III Principe di Biscari (m. 1699), ottenne il permesso di elevare il palazzo dal luogotenente generale Giuseppe Lanza duca di Camastra, artefice della ricostruzione di Catania, inviato del Re di Spagna Carlo II d\u2019Asburgo.<\/span><\/p>\n<p><span style=\"color: #333333;\">Il palazzo appartenne per intero ai Principi di Biscari fino alla met\u00e0 del scolo XIX, quindi, per vari passaggi di successione, divenne propriet\u00e0 dei Moncada Patern\u00f2 Castello, un ramo dei Patern\u00f2 Castello.<\/span><\/p>\n<p><span style=\"color: #333333;\">Sin dal 1971 il palazzo ha ospitato mostre e concerti. Ha visto il debutto de I Vivai del Sud, i concerti della Associazione Musicale Etnea (con Nikita Magaloff), la visita della Regina Madre di Inghilterra (in foto).<\/span><\/p>\n<p><span style=\"color: #333333;\">Palazzo Biscari aderisce alla rete europea \u201cLe Dimore del Quartetto\u201d, che valorizza giovani quartetti d\u2019archi e le dimore storiche in un\u2019economia circolare.<\/span><\/p>\n<p><span style=\"color: #333333;\">Il palazzo \u00e8 ancora oggi in gran parte abitato dai discendenti della famiglia e i suoi saloni principali sono spesso usati per manifestazioni di prestigio di carattere mondano e culturale.<\/span><br \/>\n<span style=\"color: #333333;\">Gran parte delle collezioni raccolte nel museo del principe di Biscari sono state donate al comune e trasferite al Museo Civico di Castello Ursino.<\/span><\/p>\n<\/div>\n<\/div>\n[\/vc_column_text][\/vc_column_inner][\/vc_row_inner][\/vc_column][\/vc_row][vc_row css=&#8221;.vc_custom_1699114842457{margin-top: 60px !important;margin-bottom: 60px !important;border-top-width: 2px !important;border-bottom-width: 2px !important;padding-top: 10px !important;padding-bottom: 20px !important;}&#8221; simple_background_color=&#8221;#fbf9f9&#8243;][vc_column][vc_row_inner row_content_width=&#8221;grid&#8221; simple_background_color=&#8221;#fbf9f9&#8243;][vc_column_inner]<div class=\"mkdf-elements-holder   mkdf-three-columns  mkdf-responsive-mode-768 \" ><div class=\"mkdf-eh-item    \"  data-item-class=\"mkdf-eh-custom-6540\" data-680-768=\"0 9% 3% 0\" data-680=\"0 9% 7% 0\">\n\t<div class=\"mkdf-eh-item-inner\">\n\t\t<div class=\"mkdf-eh-item-content mkdf-eh-custom-6540\" style=\"padding: 0 9% 0 0\">\n\t\t\t<div class=\"mkdf-section-title-holder  mkdf-st-standard  mkdf-st-title-left mkdf-st-normal-space \" >\n\t<div class=\"mkdf-st-inner\">\n\t\t\t\t\t<h6 class=\"mkdf-st-subtitle\" style=\"margin-bottom:2px\">\n\t\t\t\tPalazzo Biscari 1693\t\t\t<\/h6>\n\t\t\t\t\t\t\t<h5 class=\"mkdf-st-title\" style=\"font-weight: 700\">\n\t\t\t\tVisite\t\t\t\t\t\t\t<\/h5>\n\t\t\t\t\t\t\t\t\t<p class=\"mkdf-st-text\" style=\"margin-top:10px\">\n\t\t\t\tIl palazzo dei Patern\u00f2 Castello, Principi di Biscari \u00e8, assieme al Monastero dei Benedettini San Nicol\u00f2 l\u2019Arena, l\u2019edificio pi\u00f9 importante e noto dell\u2019architettura settecentesca a Catania. Sono disponibili visite guidate.\t\t\t<\/p>\n\t\t\t<\/div>\n<\/div><a itemprop=\"url\" href=\"https:\/\/www.palazzobiscari.it\/it\/visite-guidate\/\" target=\"_blank\" style=\"font-weight: 400;margin: 20px 0px 0px 0px\" class=\"mkdf-btn mkdf-btn-medium mkdf-btn-simple\"  >\n    <span class=\"mkdf-btn-text\">SCOPRI+<\/span>\n    <\/a>\t\t<\/div>\n\t<\/div>\n<\/div><div class=\"mkdf-eh-item    \"  data-item-class=\"mkdf-eh-custom-1318\" data-680-768=\"0 9% 3% 0\" data-680=\"0 9% 7% 0\">\n\t<div class=\"mkdf-eh-item-inner\">\n\t\t<div class=\"mkdf-eh-item-content mkdf-eh-custom-1318\" style=\"padding: 0 9% 0 0\">\n\t\t\t<div class=\"mkdf-section-title-holder  mkdf-st-standard  mkdf-st-title-left mkdf-st-normal-space \" >\n\t<div class=\"mkdf-st-inner\">\n\t\t\t\t\t<h6 class=\"mkdf-st-subtitle\" style=\"margin-bottom:2px\">\n\t\t\t\tPalazzo Biscari 1693\t\t\t<\/h6>\n\t\t\t\t\t\t\t<h5 class=\"mkdf-st-title\" style=\"font-weight: 700\">\n\t\t\t\tMostre\t\t\t\t\t\t\t<\/h5>\n\t\t\t\t\t\t\t\t\t<p class=\"mkdf-st-text\" style=\"margin-top:10px\">\n\t\t\t\tPalazzo Biscari vanta una antica tradizione legata all\u2019arte e alle mostre a partire dal XVIII secolo. Di recente il Palazzo si \u00e8 aperto anche a mostre innovative di artisti internazionali, catalizzando l\u2019interesse di cittadini, turisti e media.\t\t\t<\/p>\n\t\t\t<\/div>\n<\/div><a itemprop=\"url\" href=\"https:\/\/www.palazzobiscari.it\/it\/mostre-catania\/\" target=\"_self\" style=\"font-weight: 400;margin: 20px 0px 0px 0px\" class=\"mkdf-btn mkdf-btn-medium mkdf-btn-simple\"  >\n    <span class=\"mkdf-btn-text\">SCOPRI+<\/span>\n    <\/a>\t\t<\/div>\n\t<\/div>\n<\/div><div class=\"mkdf-eh-item    \"  data-item-class=\"mkdf-eh-custom-5255\">\n\t<div class=\"mkdf-eh-item-inner\">\n\t\t<div class=\"mkdf-eh-item-content mkdf-eh-custom-5255\" style=\"padding: 0 9% 0 0\">\n\t\t\t<div class=\"mkdf-section-title-holder  mkdf-st-standard  mkdf-st-title-left mkdf-st-normal-space \" >\n\t<div class=\"mkdf-st-inner\">\n\t\t\t\t\t<h6 class=\"mkdf-st-subtitle\" style=\"margin-bottom:2px\">\n\t\t\t\tPalazzo Biscari 1693\t\t\t<\/h6>\n\t\t\t\t\t\t\t<h5 class=\"mkdf-st-title\" style=\"font-weight: 700\">\n\t\t\t\tEventi\t\t\t\t\t\t\t<\/h5>\n\t\t\t\t\t\t\t\t\t<p class=\"mkdf-st-text\" style=\"margin-top:10px\">\n\t\t\t\tPalazzo Biscari \u00e8 una preziosa testimonianza di barocco siciliano. I suoi saloni affrescati ricchi di fascino ed eleganza, sono una splendida location per concerti, meeting, ricevimenti, serate di gala, sfilate di moda e altro.\t\t\t<\/p>\n\t\t\t<\/div>\n<\/div><a itemprop=\"url\" href=\"https:\/\/www.palazzobiscari.it\/it\/concerti-catania\/\" target=\"_blank\" style=\"font-weight: 400;margin: 20px 0px 0px 0px\" class=\"mkdf-btn mkdf-btn-medium mkdf-btn-simple\"  >\n    <span class=\"mkdf-btn-text\">SCOPRI+<\/span>\n    <\/a>\t\t<\/div>\n\t<\/div>\n<\/div><\/div>[\/vc_column_inner][\/vc_row_inner][\/vc_column][\/vc_row][vc_row equal_height=&#8221;yes&#8221; content_placement=&#8221;top&#8221; enable_arrows_animation=&#8221;no&#8221; css=&#8221;.vc_custom_1699115007629{margin-bottom: 15px !important;padding-top: 0px !important;padding-right: 0px !important;padding-bottom: 0px !important;padding-left: 0px !important;background-color: #fbf9f9 !important;}&#8221;][vc_column css=&#8221;.vc_custom_1493370704793{padding-top: 0px !important;padding-bottom: 0px !important;background-color: #f9f9f9 !important;}&#8221; offset=&#8221;vc_col-lg-3 vc_col-md-12&#8243;]<div class=\"mkdf-elements-holder   mkdf-one-column  mkdf-responsive-mode-768 \" ><div class=\"mkdf-eh-item    \"  data-item-class=\"mkdf-eh-custom-7455\" data-1280-1600=\"35px 16px 0 50px\" data-1024-1280=\"28px 14px 0 51px\" data-768-1024=\"30px 89px 42px 134px\" data-680-768=\"20px 90px 40px 87px\" data-680=\"15px 45px 25px 61px\">\n\t<div class=\"mkdf-eh-item-inner\">\n\t\t<div class=\"mkdf-eh-item-content mkdf-eh-custom-7455\" style=\"padding: 100px 50px 0 70px\">\n\t\t\t[vc_column_text]\n<h3>Gallery<\/h3>\n[\/vc_column_text]<div class=\"mkdf-separator-holder clearfix  mkdf-separator-left \">\n\t<div class=\"mkdf-separator\" style=\"border-color: #333132;width: 60px;border-bottom-width: 1px;margin-top: 10px\"><\/div>\n<\/div>\n[vc_column_text]Circolo Unione Catania 1884[\/vc_column_text][vc_empty_space height=&#8221;8px&#8221;]<a itemprop=\"url\" href=\"https:\/\/circolounionecatania.it\/it\/gallery\/\" target=\"_self\"  class=\"mkdf-btn mkdf-btn-medium mkdf-btn-simple\"  >\n    <span class=\"mkdf-btn-text\">VEDI TUTTO<\/span>\n    <\/a>\t\t<\/div>\n\t<\/div>\n<\/div><\/div>[\/vc_column][vc_column css=&#8221;.vc_custom_1493370933032{padding-top: 0px !important;padding-right: 0px !important;padding-bottom: 0px !important;padding-left: 12px !important;}&#8221; offset=&#8221;vc_col-lg-9 vc_col-md-12&#8243;]<div class=\"mkdf-image-gallery  mkdf-ig-grid-type  mkdf-image-behavior-lightbox \">\n\t<div class=\"mkdf-ig-inner mkdf-ig-grid mkdf-ig-four-columns mkdf-ig-tiny-space\">\n\t\t\t\t\t<div class=\"mkdf-ig-image\">\n\t\t\t\t<div class=\"mkdf-ig-image-inner\">\n\t\t\t\t\t\t\t\t\t\t\t<a itemprop=\"image\" class=\"mkdf-ig-lightbox\" href=\"https:\/\/www.circolounionecatania.it\/wp-content\/uploads\/2023\/11\/concerto-cortile-2016-scaled.jpg\" data-rel=\"prettyPhoto[image_gallery_pretty_photo-523]\" title=\"Palazzo Biscari 1693 &#8211; Catania\">\n\t\t\t\t\t\t\t\t\t\t\t<img loading=\"lazy\" decoding=\"async\" src=\"https:\/\/www.circolounionecatania.it\/wp-content\/uploads\/2023\/11\/concerto-cortile-2016-scaled-250x250.jpg\" alt=\"Palazzo Biscari 1693 - Catania\" width=\"250\" height=\"250\" \/>\t\t\t\t\t\t\t\t\t\t\t<\/a>\n\t\t\t\t\t\t\t\t\t<\/div>\n\t\t\t<\/div>\n\t\t\t\t\t<div class=\"mkdf-ig-image\">\n\t\t\t\t<div class=\"mkdf-ig-image-inner\">\n\t\t\t\t\t\t\t\t\t\t\t<a itemprop=\"image\" class=\"mkdf-ig-lightbox\" href=\"https:\/\/www.circolounionecatania.it\/wp-content\/uploads\/2023\/11\/palazzo-biscari-142.png\" data-rel=\"prettyPhoto[image_gallery_pretty_photo-523]\" title=\"Palazzo Biscari 1693 &#8211; Catania\">\n\t\t\t\t\t\t\t\t\t\t\t<img loading=\"lazy\" decoding=\"async\" src=\"https:\/\/www.circolounionecatania.it\/wp-content\/uploads\/2023\/11\/palazzo-biscari-142-250x250.png\" alt=\"Palazzo Biscari 1693 - Catania\" width=\"250\" height=\"250\" \/>\t\t\t\t\t\t\t\t\t\t\t<\/a>\n\t\t\t\t\t\t\t\t\t<\/div>\n\t\t\t<\/div>\n\t\t\t\t\t<div class=\"mkdf-ig-image\">\n\t\t\t\t<div class=\"mkdf-ig-image-inner\">\n\t\t\t\t\t\t\t\t\t\t\t<a itemprop=\"image\" class=\"mkdf-ig-lightbox\" href=\"https:\/\/www.circolounionecatania.it\/wp-content\/uploads\/2023\/11\/IMG_1032.png\" data-rel=\"prettyPhoto[image_gallery_pretty_photo-523]\" title=\"Circolo Unione Catania 1884\">\n\t\t\t\t\t\t\t\t\t\t\t<img loading=\"lazy\" decoding=\"async\" src=\"https:\/\/www.circolounionecatania.it\/wp-content\/uploads\/2023\/11\/IMG_1032-250x250.png\" alt=\"Circolo Unione Catania 1884\" width=\"250\" height=\"250\" \/>\t\t\t\t\t\t\t\t\t\t\t<\/a>\n\t\t\t\t\t\t\t\t\t<\/div>\n\t\t\t<\/div>\n\t\t\t\t\t<div class=\"mkdf-ig-image\">\n\t\t\t\t<div class=\"mkdf-ig-image-inner\">\n\t\t\t\t\t\t\t\t\t\t\t<a itemprop=\"image\" class=\"mkdf-ig-lightbox\" href=\"https:\/\/www.circolounionecatania.it\/wp-content\/uploads\/2023\/11\/stemma-paterno-biscari.png\" data-rel=\"prettyPhoto[image_gallery_pretty_photo-523]\" title=\"Stemma Patern\u00f2 Castello P.pi di Biscari | Palazzo Biscari 1693 &#8211; Catania\">\n\t\t\t\t\t\t\t\t\t\t\t<img loading=\"lazy\" decoding=\"async\" src=\"https:\/\/www.circolounionecatania.it\/wp-content\/uploads\/2023\/11\/stemma-paterno-biscari-250x250.png\" alt=\"Stemma Patern\u00f2 Castello P.pi di Biscari | Palazzo Biscari 1693 - Catania\" width=\"250\" height=\"250\" \/>\t\t\t\t\t\t\t\t\t\t\t<\/a>\n\t\t\t\t\t\t\t\t\t<\/div>\n\t\t\t<\/div>\n\t\t\t<\/div>\n<\/div>[\/vc_column][\/vc_row]\n<\/div>","protected":false},"excerpt":{"rendered":"<p>[vc_row content_placement=&#8221;middle&#8221; row_content_width=&#8221;grid&#8221; css=&#8221;.vc_custom_1675678732344{margin-top: 80px !important;}&#8221;][vc_column width=&#8221;1\/2&#8243;][vc_empty_space height=&#8221;20px&#8221;][vc_column_text]La sede del Circolo Unione Catania 1884 \u00e8 stabilita presso il seicentesco Palazzo Biscari. Palazzo Biscari \u00e8 il pi\u00f9 importante palazzo privato di Catania, realizzato per volere della famiglia Patern\u00f2 Castello principi di [&hellip;]<\/p>\n","protected":false},"author":5,"featured_media":0,"parent":0,"menu_order":0,"comment_status":"closed","ping_status":"closed","template":"full-width.php","meta":{"footnotes":""},"class_list":["post-4232","page","type-page","status-publish","hentry"],"yoast_head":"<!-- This site is optimized with the Yoast SEO plugin v27.3 - https:\/\/yoast.com\/product\/yoast-seo-wordpress\/ -->\n<title>Sede | Circolo Unione Catania 1884<\/title>\n<meta name=\"description\" content=\"La sede del Circolo Unione di Catania \u00e8 stabilita presso il seicentesco Palazzo Biscari, il pi\u00f9 importante palazzo privato di Catania, realizzato per volere della famiglia Patern\u00f2 Castello principi di Biscari, in seguito al catastrofico terremoto dell\u201911 gennaio 1693.\" \/>\n<meta name=\"robots\" content=\"noindex, nofollow\" \/>\n<meta property=\"og:locale\" content=\"it_IT\" \/>\n<meta property=\"og:type\" content=\"article\" \/>\n<meta property=\"og:title\" content=\"Sede | Circolo Unione Catania 1884\" \/>\n<meta property=\"og:description\" content=\"La sede del Circolo Unione di Catania \u00e8 stabilita presso il seicentesco Palazzo Biscari, il pi\u00f9 importante palazzo privato di Catania, realizzato per volere della famiglia Patern\u00f2 Castello principi di Biscari, in seguito al catastrofico terremoto dell\u201911 gennaio 1693.\" \/>\n<meta property=\"og:url\" content=\"https:\/\/www.circolounionecatania.it\/it\/sede-palazzo-biscari\/\" \/>\n<meta property=\"og:site_name\" content=\"Circolo Unione Catania\" \/>\n<meta property=\"article:modified_time\" content=\"2025-02-19T20:43:58+00:00\" \/>\n<meta name=\"twitter:card\" content=\"summary_large_image\" \/>\n<meta name=\"twitter:label1\" content=\"Tempo di lettura stimato\" \/>\n\t<meta name=\"twitter:data1\" content=\"5 minuti\" \/>\n<script type=\"application\/ld+json\" class=\"yoast-schema-graph\">{\"@context\":\"https:\\\/\\\/schema.org\",\"@graph\":[{\"@type\":\"WebPage\",\"@id\":\"https:\\\/\\\/www.circolounionecatania.it\\\/it\\\/sede-palazzo-biscari\\\/\",\"url\":\"https:\\\/\\\/www.circolounionecatania.it\\\/it\\\/sede-palazzo-biscari\\\/\",\"name\":\"Sede | Circolo Unione Catania 1884\",\"isPartOf\":{\"@id\":\"https:\\\/\\\/www.circolounionecatania.it\\\/it\\\/#website\"},\"datePublished\":\"2017-05-03T10:37:11+00:00\",\"dateModified\":\"2025-02-19T20:43:58+00:00\",\"description\":\"La sede del Circolo Unione di Catania \u00e8 stabilita presso il seicentesco Palazzo Biscari, il pi\u00f9 importante palazzo privato di Catania, realizzato per volere della famiglia Patern\u00f2 Castello principi di Biscari, in seguito al catastrofico terremoto dell\u201911 gennaio 1693.\",\"breadcrumb\":{\"@id\":\"https:\\\/\\\/www.circolounionecatania.it\\\/it\\\/sede-palazzo-biscari\\\/#breadcrumb\"},\"inLanguage\":\"it-IT\",\"potentialAction\":[{\"@type\":\"ReadAction\",\"target\":[\"https:\\\/\\\/www.circolounionecatania.it\\\/it\\\/sede-palazzo-biscari\\\/\"]}]},{\"@type\":\"BreadcrumbList\",\"@id\":\"https:\\\/\\\/www.circolounionecatania.it\\\/it\\\/sede-palazzo-biscari\\\/#breadcrumb\",\"itemListElement\":[{\"@type\":\"ListItem\",\"position\":1,\"name\":\"Home\",\"item\":\"https:\\\/\\\/www.circolounionecatania.it\\\/it\\\/\"},{\"@type\":\"ListItem\",\"position\":2,\"name\":\"Sede Circolo Unione Catania\"}]},{\"@type\":\"WebSite\",\"@id\":\"https:\\\/\\\/www.circolounionecatania.it\\\/it\\\/#website\",\"url\":\"https:\\\/\\\/www.circolounionecatania.it\\\/it\\\/\",\"name\":\"Circolo Unione Catania\",\"description\":\"1884\",\"potentialAction\":[{\"@type\":\"SearchAction\",\"target\":{\"@type\":\"EntryPoint\",\"urlTemplate\":\"https:\\\/\\\/www.circolounionecatania.it\\\/it\\\/?s={search_term_string}\"},\"query-input\":{\"@type\":\"PropertyValueSpecification\",\"valueRequired\":true,\"valueName\":\"search_term_string\"}}],\"inLanguage\":\"it-IT\"}]}<\/script>\n<!-- \/ Yoast SEO plugin. -->","yoast_head_json":{"title":"Sede | Circolo Unione Catania 1884","description":"La sede del Circolo Unione di Catania \u00e8 stabilita presso il seicentesco Palazzo Biscari, il pi\u00f9 importante palazzo privato di Catania, realizzato per volere della famiglia Patern\u00f2 Castello principi di Biscari, in seguito al catastrofico terremoto dell\u201911 gennaio 1693.","robots":{"index":"noindex","follow":"nofollow"},"og_locale":"it_IT","og_type":"article","og_title":"Sede | Circolo Unione Catania 1884","og_description":"La sede del Circolo Unione di Catania \u00e8 stabilita presso il seicentesco Palazzo Biscari, il pi\u00f9 importante palazzo privato di Catania, realizzato per volere della famiglia Patern\u00f2 Castello principi di Biscari, in seguito al catastrofico terremoto dell\u201911 gennaio 1693.","og_url":"https:\/\/www.circolounionecatania.it\/it\/sede-palazzo-biscari\/","og_site_name":"Circolo Unione Catania","article_modified_time":"2025-02-19T20:43:58+00:00","twitter_card":"summary_large_image","twitter_misc":{"Tempo di lettura stimato":"5 minuti"},"schema":{"@context":"https:\/\/schema.org","@graph":[{"@type":"WebPage","@id":"https:\/\/www.circolounionecatania.it\/it\/sede-palazzo-biscari\/","url":"https:\/\/www.circolounionecatania.it\/it\/sede-palazzo-biscari\/","name":"Sede | Circolo Unione Catania 1884","isPartOf":{"@id":"https:\/\/www.circolounionecatania.it\/it\/#website"},"datePublished":"2017-05-03T10:37:11+00:00","dateModified":"2025-02-19T20:43:58+00:00","description":"La sede del Circolo Unione di Catania \u00e8 stabilita presso il seicentesco Palazzo Biscari, il pi\u00f9 importante palazzo privato di Catania, realizzato per volere della famiglia Patern\u00f2 Castello principi di Biscari, in seguito al catastrofico terremoto dell\u201911 gennaio 1693.","breadcrumb":{"@id":"https:\/\/www.circolounionecatania.it\/it\/sede-palazzo-biscari\/#breadcrumb"},"inLanguage":"it-IT","potentialAction":[{"@type":"ReadAction","target":["https:\/\/www.circolounionecatania.it\/it\/sede-palazzo-biscari\/"]}]},{"@type":"BreadcrumbList","@id":"https:\/\/www.circolounionecatania.it\/it\/sede-palazzo-biscari\/#breadcrumb","itemListElement":[{"@type":"ListItem","position":1,"name":"Home","item":"https:\/\/www.circolounionecatania.it\/it\/"},{"@type":"ListItem","position":2,"name":"Sede Circolo Unione Catania"}]},{"@type":"WebSite","@id":"https:\/\/www.circolounionecatania.it\/it\/#website","url":"https:\/\/www.circolounionecatania.it\/it\/","name":"Circolo Unione Catania","description":"1884","potentialAction":[{"@type":"SearchAction","target":{"@type":"EntryPoint","urlTemplate":"https:\/\/www.circolounionecatania.it\/it\/?s={search_term_string}"},"query-input":{"@type":"PropertyValueSpecification","valueRequired":true,"valueName":"search_term_string"}}],"inLanguage":"it-IT"}]}},"_links":{"self":[{"href":"https:\/\/www.circolounionecatania.it\/it\/wp-json\/wp\/v2\/pages\/4232","targetHints":{"allow":["GET"]}}],"collection":[{"href":"https:\/\/www.circolounionecatania.it\/it\/wp-json\/wp\/v2\/pages"}],"about":[{"href":"https:\/\/www.circolounionecatania.it\/it\/wp-json\/wp\/v2\/types\/page"}],"author":[{"embeddable":true,"href":"https:\/\/www.circolounionecatania.it\/it\/wp-json\/wp\/v2\/users\/5"}],"replies":[{"embeddable":true,"href":"https:\/\/www.circolounionecatania.it\/it\/wp-json\/wp\/v2\/comments?post=4232"}],"version-history":[{"count":2,"href":"https:\/\/www.circolounionecatania.it\/it\/wp-json\/wp\/v2\/pages\/4232\/revisions"}],"predecessor-version":[{"id":17695,"href":"https:\/\/www.circolounionecatania.it\/it\/wp-json\/wp\/v2\/pages\/4232\/revisions\/17695"}],"wp:attachment":[{"href":"https:\/\/www.circolounionecatania.it\/it\/wp-json\/wp\/v2\/media?parent=4232"}],"curies":[{"name":"wp","href":"https:\/\/api.w.org\/{rel}","templated":true}]}}