{"id":3643,"date":"2017-04-26T12:16:11","date_gmt":"2017-04-26T12:16:11","guid":{"rendered":"https:\/\/fivestar.qodeinteractive.com\/?page_id=3643"},"modified":"2024-02-17T16:30:26","modified_gmt":"2024-02-17T15:30:26","slug":"home-it","status":"publish","type":"page","link":"https:\/\/www.circolounionecatania.it\/it\/","title":{"rendered":"Home IT"},"content":{"rendered":"<div class=\"wpb-content-wrapper\">[vc_row row_content_width=&#8221;grid&#8221; css=&#8221;.vc_custom_1675363716810{margin-top: 100px !important;margin-bottom: 40px !important;}&#8221;][vc_column width=&#8221;2\/3&#8243;]<div class=\"mkdf-section-title-holder  mkdf-st-elegant  mkdf-st-title-left mkdf-st-normal-space mkdf-st-disable-title-break\" >\n\t<div class=\"mkdf-st-inner\">\n\t\t\t\t\t<h6 class=\"mkdf-st-subtitle\" >\n\t\t\t\tCircolo dell'Unione Catania 1884\t\t\t<\/h6>\n\t\t\t\t\t\t\t<h2 class=\"mkdf-st-title\" >\n\t\t\t\tIL Circolo\t\t\t\t\t\t\t\t\t<span class=\"mkdf-st-e-separator\" ><\/span>\n\t\t\t\t\t\t\t<\/h2>\n\t\t\t\t\t\t\t<\/div>\n<\/div>[vc_empty_space height=&#8221;20px&#8221;][vc_column_text]<span style=\"color: #333333;\">Il <strong>Circolo dell\u2019Unione <\/strong>viene fondato a Catania il 26 Dicembre 1884 dalla \u00e9lite catanese, per perpetuare il settecentesco \u201cCircolo dei Nobili\u201d. Noto per le tante attivit\u00e0 benefiche e culturali in favore della cittadinanza, per le personalit\u00e0 italiane e straniere che vi erano ospiti e per il \u201csalotto letterario\u201d, il Circolo fu drammaticamente incendiato e saccheggiato da facinorosi nel 1862, la notte dell\u2019imbarco di Garibaldi.<br \/>\n<\/span><\/p>\n<p><span style=\"color: #333333;\">Il Circolo dell&#8217;Unione partecipa da sempre alla vita di Catania e della Provincia nei suoi aspetti storici, culturali ed artistici; promuove manifestazioni benefiche, culturali e sociali nonch\u00e9 di amichevole convegno e ospitalit\u00e0 facilitando i rapporti con i visitatori della Citt\u00e0.<\/span><\/p>\n<p><span class=\"mkdf-st-text\"><span style=\"color: #333333;\">La sede del Circolo Unione Catania 1884 \u00e8 stabilita presso il seicentesco <a style=\"color: #333333;\" href=\"https:\/\/www.circolounionecatania.it\/it\/sede.html\">Palazzo Biscari,<\/a> il pi\u00f9 importante palazzo privato di Catania, realizzato per volere della famiglia Patern\u00f2 Castello Principi di Biscari, a seguito del catastrofico terremoto dell\u201911 gennaio 1693.<br \/>\n<\/span> <\/span><\/p>\n<p><span style=\"color: #333333;\">Il Circolo \u00e8 membro Unione Circoli Italiani (U.C.I.) e vanta accordi di reciprocanza con importanti Circoli italiani ed esteri.<\/span>[\/vc_column_text][vc_empty_space height=&#8221;10px&#8221;][vc_column_text]<span style=\"color: #333333;\">Presidente: Cav. Antonio Pennisi di Floristella<\/span>[\/vc_column_text][vc_empty_space height=&#8221;50px&#8221;][\/vc_column][vc_column width=&#8221;1\/3&#8243;][vc_empty_space height=&#8221;50px&#8221;][vc_single_image image=&#8221;17135&#8243; img_size=&#8221;full&#8221; alignment=&#8221;center&#8221;][vc_empty_space height=&#8221;30px&#8221;][vc_column_text]\n<p style=\"text-align: center;\"><span style=\"color: #333333;\">Il Circolo \u00e8 membro dell\u2019U.C.I.<br \/>\nUnione Circoli Italiani<\/span><\/p>\n[\/vc_column_text][vc_empty_space height=&#8221;50px&#8221;][\/vc_column][\/vc_row][vc_row equal_height=&#8221;yes&#8221; css=&#8221;.vc_custom_1699018115742{margin-top: 40px !important;background-color: #fbf9f9 !important;}&#8221;][vc_column css=&#8221;.vc_custom_1699188739205{padding-top: 28% !important;padding-bottom: 28% !important;background-image: url(https:\/\/www.circolounionecatania.it\/wp-content\/uploads\/2023\/11\/img25.jpg?id=16730) !important;background-position: center !important;background-repeat: no-repeat !important;background-size: cover !important;}&#8221; offset=&#8221;vc_col-lg-offset-0 vc_col-lg-6 vc_col-md-12 vc_col-sm-offset-0&#8243;][\/vc_column][vc_column offset=&#8221;vc_col-lg-offset-0 vc_col-lg-6 vc_col-md-12 vc_col-sm-offset-0&#8243;]<div class=\"mkdf-elements-holder   mkdf-one-column  mkdf-responsive-mode-768 \" ><div class=\"mkdf-eh-item    \"  data-item-class=\"mkdf-eh-custom-7685\" data-1024-1280=\"13% 13% 20% 13%\" data-768-1024=\"5% 15% 0% 12%\" data-680-768=\"5% 16% 0% 9%\" data-680=\"5% 5% 0% 6%\">\n\t<div class=\"mkdf-eh-item-inner\">\n\t\t<div class=\"mkdf-eh-item-content mkdf-eh-custom-7685\" style=\"padding: 15% 17% 19% 18%\">\n\t\t\t<div class=\"mkdf-section-title-holder  mkdf-st-elegant  mkdf-st-title-left mkdf-st-normal-space \" >\n\t<div class=\"mkdf-st-inner\">\n\t\t\t\t\t<h6 class=\"mkdf-st-subtitle\" style=\"margin-bottom:2px\">\n\t\t\t\tCircolo dell'Unione Catania 1884\t\t\t<\/h6>\n\t\t\t\t\t\t\t<h2 class=\"mkdf-st-title\" >\n\t\t\t\tLA STORIA\t\t\t\t\t\t\t\t\t<span class=\"mkdf-st-e-separator\" ><\/span>\n\t\t\t\t\t\t\t<\/h2>\n\t\t\t\t\t\t\t<\/div>\n<\/div>[vc_column_text]<span class=\"mkdf-st-text\"><span style=\"color: #333333;\">Il Circolo dell\u2019Unione Catania viene fondato nel 1884 dalla \u00e9lite catanese, ancora scossa dal ricordo del saccheggio e del rogo del settecentesco \u201cCircolo dei Nobili\u201d, i cui splendidi arredi furono distrutti da facinorosi al momento dell\u2019imbarco di Garibaldi il 25 agosto 1862.<\/span> <\/span>[\/vc_column_text][vc_empty_space height=&#8221;10px&#8221;][vc_column_text]<span class=\"mkdf-st-text\"><span style=\"color: #333333;\">Nel 1938 il Circolo dell\u2019Unione lascia l\u2019originaria sede del Palazzo del Duca di Carcaci per fondersi con il Circolo Nazionale gi\u00e0 \u201c<strong>Sport Club<\/strong>\u201d associazione con scopi, orgini e soci in comune.<\/span> <\/span>[\/vc_column_text][vc_empty_space]<a itemprop=\"url\" href=\"https:\/\/circolounionecatania.it\/it\/storia\/\" target=\"_self\" style=\"color: #ffffff;background-color: #14243d;border-color: #14243d;font-size: 14px\" class=\"mkdf-btn mkdf-btn-small mkdf-btn-solid mkdf-btn-custom-hover-bg mkdf-btn-custom-border-hover mkdf-btn-custom-hover-color\" data-hover-color=\"#ffffff\" data-hover-bg-color=\"#c59d5f\" data-hover-border-color=\"#c59d5f\" >\n    <span class=\"mkdf-btn-text\">SCOPRI +<\/span>\n    <\/a>[vc_empty_space height=&#8221;50px&#8221;]\t\t<\/div>\n\t<\/div>\n<\/div><\/div>[\/vc_column][\/vc_row][vc_row equal_height=&#8221;yes&#8221; css=&#8221;.vc_custom_1675366460066{background-color: #fbf9f9 !important;}&#8221;][vc_column css=&#8221;.vc_custom_1493798353425{background-position: center !important;background-repeat: no-repeat !important;background-size: cover !important;}&#8221; offset=&#8221;vc_col-lg-offset-0 vc_col-lg-6 vc_col-md-12 vc_col-sm-offset-0&#8243;]<div class=\"mkdf-elements-holder   mkdf-one-column  mkdf-responsive-mode-768 \" ><div class=\"mkdf-eh-item    \"  data-item-class=\"mkdf-eh-custom-2536\" data-1024-1280=\"13% 13% 20% 13%\" data-768-1024=\"4% 15% 8% 12%\" data-680-768=\"3% 16% 9% 9%\" data-680=\"0% 5% 17% 6%\">\n\t<div class=\"mkdf-eh-item-inner\">\n\t\t<div class=\"mkdf-eh-item-content mkdf-eh-custom-2536\" style=\"padding: 16.1% 17% 20.1% 18%\">\n\t\t\t<div class=\"mkdf-section-title-holder  mkdf-st-elegant  mkdf-st-title-left mkdf-st-normal-space \" >\n\t<div class=\"mkdf-st-inner\">\n\t\t\t\t\t<h6 class=\"mkdf-st-subtitle\" style=\"margin-bottom:2px\">\n\t\t\t\tCircolo dell'Unione Catania 1884\t\t\t<\/h6>\n\t\t\t\t\t\t\t<h2 class=\"mkdf-st-title\" >\n\t\t\t\tLA SEDE\t\t\t\t\t\t\t\t\t<span class=\"mkdf-st-e-separator\" ><\/span>\n\t\t\t\t\t\t\t<\/h2>\n\t\t\t\t\t\t\t\t\t<span class=\"mkdf-st-text\" style=\"color: #333333;line-height:30px;margin-top:15px\">\n\t\t\t\tLa sede del Circolo dell'Unione Catania 1884 \u00e8 stabilita presso il seicentesco Palazzo Biscari, il pi\u00f9 importante palazzo privato di Catania. Realizzato per volere della famiglia Patern\u00f2 Castello principi di Biscari, a partire dalla fine del Seicento, in seguito al catastrofico terremoto dell\u201911 gennaio 1693.\t\t\t<\/span>\n\t\t\t<\/div>\n<\/div>[vc_empty_space]<a itemprop=\"url\" href=\"https:\/\/circolounionecatania.it\/it\/sede\/\" target=\"_self\" style=\"color: #ffffff;background-color: #14243d;border-color: #14243d;font-size: 14px\" class=\"mkdf-btn mkdf-btn-small mkdf-btn-solid mkdf-btn-custom-hover-bg mkdf-btn-custom-border-hover mkdf-btn-custom-hover-color\" data-hover-color=\"#ffffff\" data-hover-bg-color=\"#c59d5f\" data-hover-border-color=\"#c59d5f\" >\n    <span class=\"mkdf-btn-text\">SCOPRI +<\/span>\n    <\/a>[vc_empty_space height=&#8221;50px&#8221;]\t\t<\/div>\n\t<\/div>\n<\/div><\/div>[\/vc_column][vc_column offset=&#8221;vc_col-lg-offset-0 vc_col-lg-6 vc_col-md-12 vc_col-sm-offset-0&#8243; css=&#8221;.vc_custom_1699188780080{padding-top: 28% !important;padding-bottom: 28% !important;background-image: url(https:\/\/www.circolounionecatania.it\/wp-content\/uploads\/2023\/11\/palazzo-biscari-144.png?id=16514) !important;background-position: center !important;background-repeat: no-repeat !important;background-size: cover !important;}&#8221;][\/vc_column][\/vc_row][vc_row equal_height=&#8221;yes&#8221; content_placement=&#8221;top&#8221; enable_arrows_animation=&#8221;no&#8221; css=&#8221;.vc_custom_1699358878984{margin-top: 20px !important;padding-top: 70px !important;padding-right: 0px !important;padding-bottom: 70px !important;padding-left: 0px !important;}&#8221;][vc_column css=&#8221;.vc_custom_1493370704793{padding-top: 0px !important;padding-bottom: 0px !important;background-color: #f9f9f9 !important;}&#8221; offset=&#8221;vc_col-lg-3 vc_col-md-12&#8243;]<div class=\"mkdf-elements-holder   mkdf-one-column  mkdf-responsive-mode-768 \" ><div class=\"mkdf-eh-item  mkdf-vertical-alignment-top  \"  data-item-class=\"mkdf-eh-custom-5203\" data-1280-1600=\"35px 16px 0 50px\" data-1024-1280=\"28px 14px 0 51px\" data-768-1024=\"30px 89px 42px 134px\" data-680-768=\"20px 90px 40px 87px\" data-680=\"15px 45px 25px 61px\">\n\t<div class=\"mkdf-eh-item-inner\">\n\t\t<div class=\"mkdf-eh-item-content mkdf-eh-custom-5203\" style=\"padding: 122px 70px 0 88px\">\n\t\t\t[vc_column_text]\n<h3 style=\"font-size: 24px; font-weight: 600;\">Gallery<\/h3>\n[\/vc_column_text]<div class=\"mkdf-separator-holder clearfix  mkdf-separator-left \">\n\t<div class=\"mkdf-separator\" style=\"border-color: #333132;width: 60px;border-bottom-width: 1px;margin-top: 10px\"><\/div>\n<\/div>\n[vc_column_text]\n<div class=\"wpb_text_column wpb_content_element \">\n<div class=\"wpb_wrapper\">\n<p><span style=\"color: #333333;\">Circolo dell&#8217;Unione Catania 1884<\/span><\/p>\n<\/div>\n<\/div>\n[\/vc_column_text]\t\t<\/div>\n\t<\/div>\n<\/div><\/div>[\/vc_column][vc_column css=&#8221;.vc_custom_1493370933032{padding-top: 0px !important;padding-right: 0px !important;padding-bottom: 0px !important;padding-left: 12px !important;}&#8221; offset=&#8221;vc_col-lg-9 vc_col-md-12&#8243;]<div class=\"mkdf-image-gallery  mkdf-ig-masonry-type  mkdf-image-behavior-lightbox \">\n\t<div class=\"mkdf-ig-inner mkdf-ig-masonry mkdf-ig-four-columns mkdf-ig-tiny-space\">\n\t\t<div class=\"mkdf-ig-grid-sizer\"><\/div>\n\t\t<div class=\"mkdf-ig-grid-gutter\"><\/div>\n\t\t\t\t\t\t\t\t<div class=\"mkdf-ig-image \">\n\t\t\t\t<div class=\"mkdf-ig-image-inner\">\n\t\t\t\t\t\t\t\t\t\t\t<a itemprop=\"image\" class=\"mkdf-ig-lightbox\" href=\"https:\/\/www.circolounionecatania.it\/wp-content\/uploads\/2023\/11\/concerto-cortile-2016-scaled.jpg\" data-rel=\"prettyPhoto[image_gallery_pretty_photo-845]\" title=\"Palazzo Biscari 1693 &#8211; Catania\">\n\t\t\t\t\t\t\t\t\t\t\t<img loading=\"lazy\" decoding=\"async\" width=\"2560\" height=\"1920\" src=\"https:\/\/www.circolounionecatania.it\/wp-content\/uploads\/2023\/11\/concerto-cortile-2016-scaled.jpg\" class=\"attachment- size-\" alt=\"Palazzo Biscari 1693 - Catania\" srcset=\"https:\/\/www.circolounionecatania.it\/wp-content\/uploads\/2023\/11\/concerto-cortile-2016-scaled.jpg 2560w, https:\/\/www.circolounionecatania.it\/wp-content\/uploads\/2023\/11\/concerto-cortile-2016-300x225.jpg 300w, https:\/\/www.circolounionecatania.it\/wp-content\/uploads\/2023\/11\/concerto-cortile-2016-1024x768.jpg 1024w, https:\/\/www.circolounionecatania.it\/wp-content\/uploads\/2023\/11\/concerto-cortile-2016-768x576.jpg 768w, https:\/\/www.circolounionecatania.it\/wp-content\/uploads\/2023\/11\/concerto-cortile-2016-1536x1152.jpg 1536w, https:\/\/www.circolounionecatania.it\/wp-content\/uploads\/2023\/11\/concerto-cortile-2016-600x450.jpg 600w\" sizes=\"auto, (max-width: 2560px) 100vw, 2560px\" \/>\t\t\t\t\t\t\t\t\t\t\t<\/a>\n\t\t\t\t\t\t\t\t\t<\/div>\n\t\t\t<\/div>\n\t\t\t\t\t\t\t\t<div class=\"mkdf-ig-image \">\n\t\t\t\t<div class=\"mkdf-ig-image-inner\">\n\t\t\t\t\t\t\t\t\t\t\t<a itemprop=\"image\" class=\"mkdf-ig-lightbox\" href=\"https:\/\/www.circolounionecatania.it\/wp-content\/uploads\/2023\/11\/palazzo-biscari-149.png\" data-rel=\"prettyPhoto[image_gallery_pretty_photo-845]\" title=\"Palazzo Biscari 1693 &#8211; Catania\">\n\t\t\t\t\t\t\t\t\t\t\t<img loading=\"lazy\" decoding=\"async\" width=\"1235\" height=\"940\" src=\"https:\/\/www.circolounionecatania.it\/wp-content\/uploads\/2023\/11\/palazzo-biscari-149.png\" class=\"attachment- size-\" alt=\"Palazzo Biscari 1693 - Catania\" srcset=\"https:\/\/www.circolounionecatania.it\/wp-content\/uploads\/2023\/11\/palazzo-biscari-149.png 1235w, https:\/\/www.circolounionecatania.it\/wp-content\/uploads\/2023\/11\/palazzo-biscari-149-300x228.png 300w, https:\/\/www.circolounionecatania.it\/wp-content\/uploads\/2023\/11\/palazzo-biscari-149-1024x779.png 1024w, https:\/\/www.circolounionecatania.it\/wp-content\/uploads\/2023\/11\/palazzo-biscari-149-768x585.png 768w, https:\/\/www.circolounionecatania.it\/wp-content\/uploads\/2023\/11\/palazzo-biscari-149-600x457.png 600w\" sizes=\"auto, (max-width: 1235px) 100vw, 1235px\" \/>\t\t\t\t\t\t\t\t\t\t\t<\/a>\n\t\t\t\t\t\t\t\t\t<\/div>\n\t\t\t<\/div>\n\t\t\t\t\t\t\t\t<div class=\"mkdf-ig-image \">\n\t\t\t\t<div class=\"mkdf-ig-image-inner\">\n\t\t\t\t\t\t\t\t\t\t\t<a itemprop=\"image\" class=\"mkdf-ig-lightbox\" href=\"https:\/\/www.circolounionecatania.it\/wp-content\/uploads\/2023\/11\/img23.jpg\" data-rel=\"prettyPhoto[image_gallery_pretty_photo-845]\" title=\"Circolo dell&#8217;Unione Catania 1884\">\n\t\t\t\t\t\t\t\t\t\t\t<img loading=\"lazy\" decoding=\"async\" width=\"800\" height=\"600\" src=\"https:\/\/www.circolounionecatania.it\/wp-content\/uploads\/2023\/11\/img23.jpg\" class=\"attachment- size-\" alt=\"Circolo dell&#039;Unione Catania 1884\" srcset=\"https:\/\/www.circolounionecatania.it\/wp-content\/uploads\/2023\/11\/img23.jpg 800w, https:\/\/www.circolounionecatania.it\/wp-content\/uploads\/2023\/11\/img23-300x225.jpg 300w, https:\/\/www.circolounionecatania.it\/wp-content\/uploads\/2023\/11\/img23-768x576.jpg 768w, https:\/\/www.circolounionecatania.it\/wp-content\/uploads\/2023\/11\/img23-600x450.jpg 600w\" sizes=\"auto, (max-width: 800px) 100vw, 800px\" \/>\t\t\t\t\t\t\t\t\t\t\t<\/a>\n\t\t\t\t\t\t\t\t\t<\/div>\n\t\t\t<\/div>\n\t\t\t\t\t\t\t\t<div class=\"mkdf-ig-image \">\n\t\t\t\t<div class=\"mkdf-ig-image-inner\">\n\t\t\t\t\t\t\t\t\t\t\t<a itemprop=\"image\" class=\"mkdf-ig-lightbox\" href=\"https:\/\/www.circolounionecatania.it\/wp-content\/uploads\/2023\/11\/img8.jpg\" data-rel=\"prettyPhoto[image_gallery_pretty_photo-845]\" title=\"Circolo dell&#8217;Unione Catania 1884\">\n\t\t\t\t\t\t\t\t\t\t\t<img loading=\"lazy\" decoding=\"async\" width=\"800\" height=\"600\" src=\"https:\/\/www.circolounionecatania.it\/wp-content\/uploads\/2023\/11\/img8.jpg\" class=\"attachment- size-\" alt=\"Circolo dell&#039;Unione Catania 1884\" srcset=\"https:\/\/www.circolounionecatania.it\/wp-content\/uploads\/2023\/11\/img8.jpg 800w, https:\/\/www.circolounionecatania.it\/wp-content\/uploads\/2023\/11\/img8-300x225.jpg 300w, https:\/\/www.circolounionecatania.it\/wp-content\/uploads\/2023\/11\/img8-768x576.jpg 768w, https:\/\/www.circolounionecatania.it\/wp-content\/uploads\/2023\/11\/img8-600x450.jpg 600w\" sizes=\"auto, (max-width: 800px) 100vw, 800px\" \/>\t\t\t\t\t\t\t\t\t\t\t<\/a>\n\t\t\t\t\t\t\t\t\t<\/div>\n\t\t\t<\/div>\n\t\t\t<\/div>\n<\/div>[\/vc_column][\/vc_row]\n<\/div>","protected":false},"excerpt":{"rendered":"<p>[vc_row row_content_width=&#8221;grid&#8221; css=&#8221;.vc_custom_1675363716810{margin-top: 100px !important;margin-bottom: 40px !important;}&#8221;][vc_column width=&#8221;2\/3&#8243;][vc_empty_space height=&#8221;20px&#8221;][vc_column_text]Il Circolo dell\u2019Unione viene fondato a Catania il 26 Dicembre 1884 dalla \u00e9lite catanese, per perpetuare il settecentesco \u201cCircolo dei Nobili\u201d. Noto per le tante attivit\u00e0 benefiche e culturali in favore della [&hellip;]<\/p>\n","protected":false},"author":1,"featured_media":16826,"parent":0,"menu_order":0,"comment_status":"closed","ping_status":"closed","template":"full-width.php","meta":{"footnotes":""},"class_list":["post-3643","page","type-page","status-publish","has-post-thumbnail","hentry"],"yoast_head":"<!-- This site is optimized with the Yoast SEO plugin v27.3 - https:\/\/yoast.com\/product\/yoast-seo-wordpress\/ -->\n<title>Circolo dell&#039;Unione Catania 1884<\/title>\n<meta name=\"description\" content=\"Il Circolo dell&#039;Unione Catania fondato nel 1884 partecipa alla vita di Catania nei suoi aspetti storici, culturali ed artistici; promuove manifestazioni culturali e sociali nonch\u00e9 di amichevole convegno e ospitalit\u00e0 facilitando i rapporti con i visitatori della Citt\u00e0.\" \/>\n<meta name=\"robots\" content=\"index, follow, max-snippet:-1, max-image-preview:large, max-video-preview:-1\" \/>\n<link rel=\"canonical\" href=\"https:\/\/www.circolounionecatania.it\/it\/\" \/>\n<meta property=\"og:locale\" content=\"it_IT\" \/>\n<meta property=\"og:type\" content=\"article\" \/>\n<meta property=\"og:title\" content=\"Circolo dell&#039;Unione Catania 1884\" \/>\n<meta property=\"og:description\" content=\"Il Circolo dell&#039;Unione Catania fondato nel 1884 partecipa alla vita di Catania nei suoi aspetti storici, culturali ed artistici; promuove manifestazioni culturali e sociali nonch\u00e9 di amichevole convegno e ospitalit\u00e0 facilitando i rapporti con i visitatori della Citt\u00e0.\" \/>\n<meta property=\"og:url\" content=\"https:\/\/www.circolounionecatania.it\/it\/\" \/>\n<meta property=\"og:site_name\" content=\"Circolo Unione Catania\" \/>\n<meta property=\"article:modified_time\" content=\"2024-02-17T15:30:26+00:00\" \/>\n<meta property=\"og:image\" content=\"https:\/\/www.circolounionecatania.it\/wp-content\/uploads\/2023\/11\/circolo-unione-catania-1884.png\" \/>\n\t<meta property=\"og:image:width\" content=\"286\" \/>\n\t<meta property=\"og:image:height\" content=\"286\" \/>\n\t<meta property=\"og:image:type\" content=\"image\/png\" \/>\n<meta name=\"twitter:card\" content=\"summary_large_image\" \/>\n<meta name=\"twitter:label1\" content=\"Tempo di lettura stimato\" \/>\n\t<meta name=\"twitter:data1\" content=\"4 minuti\" \/>\n<script type=\"application\/ld+json\" class=\"yoast-schema-graph\">{\"@context\":\"https:\\\/\\\/schema.org\",\"@graph\":[{\"@type\":\"WebPage\",\"@id\":\"https:\\\/\\\/www.circolounionecatania.it\\\/it\\\/\",\"url\":\"https:\\\/\\\/www.circolounionecatania.it\\\/it\\\/\",\"name\":\"Circolo dell'Unione Catania 1884\",\"isPartOf\":{\"@id\":\"https:\\\/\\\/www.circolounionecatania.it\\\/it\\\/#website\"},\"primaryImageOfPage\":{\"@id\":\"https:\\\/\\\/www.circolounionecatania.it\\\/it\\\/#primaryimage\"},\"image\":{\"@id\":\"https:\\\/\\\/www.circolounionecatania.it\\\/it\\\/#primaryimage\"},\"thumbnailUrl\":\"https:\\\/\\\/www.circolounionecatania.it\\\/wp-content\\\/uploads\\\/2023\\\/11\\\/circolo-unione-catania-1884.png\",\"datePublished\":\"2017-04-26T12:16:11+00:00\",\"dateModified\":\"2024-02-17T15:30:26+00:00\",\"description\":\"Il Circolo dell'Unione Catania fondato nel 1884 partecipa alla vita di Catania nei suoi aspetti storici, culturali ed artistici; promuove manifestazioni culturali e sociali nonch\u00e9 di amichevole convegno e ospitalit\u00e0 facilitando i rapporti con i visitatori della Citt\u00e0.\",\"breadcrumb\":{\"@id\":\"https:\\\/\\\/www.circolounionecatania.it\\\/it\\\/#breadcrumb\"},\"inLanguage\":\"it-IT\",\"potentialAction\":[{\"@type\":\"ReadAction\",\"target\":[\"https:\\\/\\\/www.circolounionecatania.it\\\/it\\\/\"]}]},{\"@type\":\"ImageObject\",\"inLanguage\":\"it-IT\",\"@id\":\"https:\\\/\\\/www.circolounionecatania.it\\\/it\\\/#primaryimage\",\"url\":\"https:\\\/\\\/www.circolounionecatania.it\\\/wp-content\\\/uploads\\\/2023\\\/11\\\/circolo-unione-catania-1884.png\",\"contentUrl\":\"https:\\\/\\\/www.circolounionecatania.it\\\/wp-content\\\/uploads\\\/2023\\\/11\\\/circolo-unione-catania-1884.png\",\"width\":286,\"height\":286,\"caption\":\"Circolo dell'Unione Catania 1884\"},{\"@type\":\"BreadcrumbList\",\"@id\":\"https:\\\/\\\/www.circolounionecatania.it\\\/it\\\/#breadcrumb\",\"itemListElement\":[{\"@type\":\"ListItem\",\"position\":1,\"name\":\"Home\",\"item\":\"https:\\\/\\\/www.circolounionecatania.it\\\/it\\\/\"},{\"@type\":\"ListItem\",\"position\":2,\"name\":\"Home IT\"}]},{\"@type\":\"WebSite\",\"@id\":\"https:\\\/\\\/www.circolounionecatania.it\\\/it\\\/#website\",\"url\":\"https:\\\/\\\/www.circolounionecatania.it\\\/it\\\/\",\"name\":\"Circolo Unione Catania\",\"description\":\"1884\",\"potentialAction\":[{\"@type\":\"SearchAction\",\"target\":{\"@type\":\"EntryPoint\",\"urlTemplate\":\"https:\\\/\\\/www.circolounionecatania.it\\\/it\\\/?s={search_term_string}\"},\"query-input\":{\"@type\":\"PropertyValueSpecification\",\"valueRequired\":true,\"valueName\":\"search_term_string\"}}],\"inLanguage\":\"it-IT\"}]}<\/script>\n<!-- \/ Yoast SEO plugin. -->","yoast_head_json":{"title":"Circolo dell'Unione Catania 1884","description":"Il Circolo dell'Unione Catania fondato nel 1884 partecipa alla vita di Catania nei suoi aspetti storici, culturali ed artistici; promuove manifestazioni culturali e sociali nonch\u00e9 di amichevole convegno e ospitalit\u00e0 facilitando i rapporti con i visitatori della Citt\u00e0.","robots":{"index":"index","follow":"follow","max-snippet":"max-snippet:-1","max-image-preview":"max-image-preview:large","max-video-preview":"max-video-preview:-1"},"canonical":"https:\/\/www.circolounionecatania.it\/it\/","og_locale":"it_IT","og_type":"article","og_title":"Circolo dell'Unione Catania 1884","og_description":"Il Circolo dell'Unione Catania fondato nel 1884 partecipa alla vita di Catania nei suoi aspetti storici, culturali ed artistici; promuove manifestazioni culturali e sociali nonch\u00e9 di amichevole convegno e ospitalit\u00e0 facilitando i rapporti con i visitatori della Citt\u00e0.","og_url":"https:\/\/www.circolounionecatania.it\/it\/","og_site_name":"Circolo Unione Catania","article_modified_time":"2024-02-17T15:30:26+00:00","og_image":[{"width":286,"height":286,"url":"https:\/\/www.circolounionecatania.it\/wp-content\/uploads\/2023\/11\/circolo-unione-catania-1884.png","type":"image\/png"}],"twitter_card":"summary_large_image","twitter_misc":{"Tempo di lettura stimato":"4 minuti"},"schema":{"@context":"https:\/\/schema.org","@graph":[{"@type":"WebPage","@id":"https:\/\/www.circolounionecatania.it\/it\/","url":"https:\/\/www.circolounionecatania.it\/it\/","name":"Circolo dell'Unione Catania 1884","isPartOf":{"@id":"https:\/\/www.circolounionecatania.it\/it\/#website"},"primaryImageOfPage":{"@id":"https:\/\/www.circolounionecatania.it\/it\/#primaryimage"},"image":{"@id":"https:\/\/www.circolounionecatania.it\/it\/#primaryimage"},"thumbnailUrl":"https:\/\/www.circolounionecatania.it\/wp-content\/uploads\/2023\/11\/circolo-unione-catania-1884.png","datePublished":"2017-04-26T12:16:11+00:00","dateModified":"2024-02-17T15:30:26+00:00","description":"Il Circolo dell'Unione Catania fondato nel 1884 partecipa alla vita di Catania nei suoi aspetti storici, culturali ed artistici; promuove manifestazioni culturali e sociali nonch\u00e9 di amichevole convegno e ospitalit\u00e0 facilitando i rapporti con i visitatori della Citt\u00e0.","breadcrumb":{"@id":"https:\/\/www.circolounionecatania.it\/it\/#breadcrumb"},"inLanguage":"it-IT","potentialAction":[{"@type":"ReadAction","target":["https:\/\/www.circolounionecatania.it\/it\/"]}]},{"@type":"ImageObject","inLanguage":"it-IT","@id":"https:\/\/www.circolounionecatania.it\/it\/#primaryimage","url":"https:\/\/www.circolounionecatania.it\/wp-content\/uploads\/2023\/11\/circolo-unione-catania-1884.png","contentUrl":"https:\/\/www.circolounionecatania.it\/wp-content\/uploads\/2023\/11\/circolo-unione-catania-1884.png","width":286,"height":286,"caption":"Circolo dell'Unione Catania 1884"},{"@type":"BreadcrumbList","@id":"https:\/\/www.circolounionecatania.it\/it\/#breadcrumb","itemListElement":[{"@type":"ListItem","position":1,"name":"Home","item":"https:\/\/www.circolounionecatania.it\/it\/"},{"@type":"ListItem","position":2,"name":"Home IT"}]},{"@type":"WebSite","@id":"https:\/\/www.circolounionecatania.it\/it\/#website","url":"https:\/\/www.circolounionecatania.it\/it\/","name":"Circolo Unione Catania","description":"1884","potentialAction":[{"@type":"SearchAction","target":{"@type":"EntryPoint","urlTemplate":"https:\/\/www.circolounionecatania.it\/it\/?s={search_term_string}"},"query-input":{"@type":"PropertyValueSpecification","valueRequired":true,"valueName":"search_term_string"}}],"inLanguage":"it-IT"}]}},"_links":{"self":[{"href":"https:\/\/www.circolounionecatania.it\/it\/wp-json\/wp\/v2\/pages\/3643","targetHints":{"allow":["GET"]}}],"collection":[{"href":"https:\/\/www.circolounionecatania.it\/it\/wp-json\/wp\/v2\/pages"}],"about":[{"href":"https:\/\/www.circolounionecatania.it\/it\/wp-json\/wp\/v2\/types\/page"}],"author":[{"embeddable":true,"href":"https:\/\/www.circolounionecatania.it\/it\/wp-json\/wp\/v2\/users\/1"}],"replies":[{"embeddable":true,"href":"https:\/\/www.circolounionecatania.it\/it\/wp-json\/wp\/v2\/comments?post=3643"}],"version-history":[{"count":2,"href":"https:\/\/www.circolounionecatania.it\/it\/wp-json\/wp\/v2\/pages\/3643\/revisions"}],"predecessor-version":[{"id":17698,"href":"https:\/\/www.circolounionecatania.it\/it\/wp-json\/wp\/v2\/pages\/3643\/revisions\/17698"}],"wp:featuredmedia":[{"embeddable":true,"href":"https:\/\/www.circolounionecatania.it\/it\/wp-json\/wp\/v2\/media\/16826"}],"wp:attachment":[{"href":"https:\/\/www.circolounionecatania.it\/it\/wp-json\/wp\/v2\/media?parent=3643"}],"curies":[{"name":"wp","href":"https:\/\/api.w.org\/{rel}","templated":true}]}}