{"id":16177,"date":"2023-11-02T19:04:39","date_gmt":"2023-11-02T18:04:39","guid":{"rendered":"https:\/\/www.aetnae.it\/?page_id=16177"},"modified":"2023-12-02T20:05:17","modified_gmt":"2023-12-02T19:05:17","slug":"storia-circolo-unione-catania-1884","status":"publish","type":"page","link":"https:\/\/www.circolounionecatania.it\/it\/storia-circolo-unione-catania-1884\/","title":{"rendered":"Storia"},"content":{"rendered":"<div class=\"wpb-content-wrapper\">[vc_row content_placement=&#8221;middle&#8221; row_content_width=&#8221;grid&#8221; css=&#8221;.vc_custom_1675678732344{margin-top: 80px !important;}&#8221;][vc_column width=&#8221;2\/3&#8243;]<div class=\"mkdf-section-title-holder  mkdf-st-elegant  mkdf-st-title-left mkdf-st-normal-space \" style=\"padding: 0 0px 0px 0px 0px\">\n\t<div class=\"mkdf-st-inner\">\n\t\t\t\t\t<h6 class=\"mkdf-st-subtitle\" style=\"margin-bottom:2px\">\n\t\t\t\tCircolo Unione Catania 1884\t\t\t<\/h6>\n\t\t\t\t\t\t\t<h2 class=\"mkdf-st-title\" >\n\t\t\t\tStoria\t\t\t\t\t\t\t\t\t<span class=\"mkdf-st-e-separator\" ><\/span>\n\t\t\t\t\t\t\t<\/h2>\n\t\t\t\t\t\t\t<\/div>\n<\/div>[vc_empty_space height=&#8221;20px&#8221;][vc_column_text]<span style=\"color: #333333;\">Il <strong>Circolo dell&#8217;Unione di Catania<\/strong> viene fondato nel 1884 dalla \u00e9lite catanese, ancora scossa dal ricordo del saccheggio e del rogo degli splendidi arredi del settecentesco &#8220;Circolo dei Nobili&#8221; distrutti il 25 agosto 1862 da facinorosi al momento dell\u2019imbarco di Garibaldi.<\/span><\/p>\n<p><span style=\"color: #333333;\">Per perpetuare un Circolo che dal 1782 si era distinto per le tante attivit\u00e0 benefiche e culturali in favore della cittadinanza, per le personalit\u00e0 italiane e straniere che vi erano ospiti e per il \u201csalotto letterario\u201d, di cui Giovanni Verga era uno dei soci pi\u00f9 eminenti, il <strong>26 Dicembre del 1884 viene fondato il Circolo dell\u2019Unione 1884<\/strong>, con \u201c<em>lo scopo di raccogliere in geniali convegni, coloro che ne faranno parte\u201d. <\/em>(Art.1 Statuto)<\/span><\/p>\n<p><span style=\"color: #333333;\">Il Circolo dell\u2019Unione partecipa alla vita di Catania e della Provincia nei suoi aspetti storici, culturali ed artistici; promuove manifestazioni culturali e sociali nonch\u00e9 di amichevole convegno e ospitalit\u00e0 facilitando i rapporti con i visitatori della Citt\u00e0.<\/span>[\/vc_column_text][vc_empty_space height=&#8221;10px&#8221;][vc_column_text]<span style=\"color: #333333;\">Il Circolo dell&#8217;Unione assume la sua prima sede nei medesimi ambienti che ospitavano l\u2019antico &#8220;Circolo dei Nobili&#8221; del 1782 a Palazzo dei Duchi di Carcaci di Via Etnea, gi\u00e0 all\u2019epoca la parte pi\u00f9 elegante e viva della citt\u00e0.<\/span><\/p>\n<p style=\"text-align: left;\" align=\"right\"><span style=\"color: #333333;\"><em>&#8220;Giuseppe pass\u00f2 davanti al Circolo Unione con le sedie sul marciapiede dove fino a pochi anni prima si vedeva seduto Giovanni Verga col bastone fra le gambe&#8230;&#8221;<\/em><\/span><\/p>\n<p align=\"right\"><span style=\"color: #333333;\"><em>Da \u201cGraziella\u201d di Ercole Patti<\/em><\/span><\/p>\n[\/vc_column_text][vc_empty_space height=&#8221;30px&#8221;][\/vc_column][vc_column width=&#8221;1\/3&#8243; css=&#8221;.vc_custom_1675452140788{margin-left: 40px !important;}&#8221;][vc_single_image image=&#8221;16826&#8243; img_size=&#8221;220&#215;220&#8243; alignment=&#8221;center&#8221; onclick=&#8221;custom_link&#8221; link=&#8221;https:\/\/www.circolounionecatania.it&#8221;][\/vc_column][\/vc_row][vc_row simple_background_color=&#8221;#fbf9f9&#8243; css=&#8221;.vc_custom_1699198781337{margin-top: 50px !important;margin-bottom: 30px !important;padding-top: 50px !important;padding-bottom: 50px !important;}&#8221;][vc_column][vc_row_inner row_content_width=&#8221;grid&#8221;][vc_column_inner width=&#8221;1\/2&#8243; css=&#8221;.vc_custom_1699360404450{margin-bottom: 20px !important;}&#8221;][vc_single_image image=&#8221;16874&#8243; img_size=&#8221;500&#215;500&#8243; alignment=&#8221;center&#8221; style=&#8221;vc_box_shadow&#8221; onclick=&#8221;link_image&#8221; css=&#8221;.vc_custom_1699198703413{margin-right: 30px !important;border-top-width: 2px !important;border-right-width: 2px !important;border-bottom-width: 2px !important;border-left-width: 2px !important;border-left-color: #ffffff !important;border-right-color: #ffffff !important;border-top-color: #ffffff !important;border-bottom-color: #ffffff !important;}&#8221;][\/vc_column_inner][vc_column_inner width=&#8221;1\/2&#8243; css=&#8221;.vc_custom_1700224837274{margin-top: 30px !important;}&#8221;]<div class=\"mkdf-section-title-holder  mkdf-st-standard mkdf-st-ha-left mkdf-st-title-left mkdf-st-normal-space \" style=\"text-align: left\">\n\t<div class=\"mkdf-st-inner\">\n\t\t\t\t\t\t\t<h3 class=\"mkdf-st-title\" >\n\t\t\t\tSPORT CLUB\t\t\t\t\t\t\t<\/h3>\n\t\t\t\t\t\t\t<\/div>\n<\/div>[vc_empty_space height=&#8221;10px&#8221;][vc_column_text]<span style=\"color: #333333;\">Successivamente nel 1938, il Circolo dell\u2019Unione lascia l\u2019originaria sede del Palazzo del Duca di Carcaci per fondersi con il Circolo Nazionale gi\u00e0 \u201c<strong>Sport Club<\/strong>\u201d associazione con scopi, orgini e soci in comune.<\/span><\/p>\n<p><span style=\"color: #333333;\">La nuova sede costruita in V.le Regina Margherita in stile vagamente gotico-moresco, secondo il gusto dell\u2019epoca, prevedeva due campi da tennis, un viale che serviva da galoppatoio, un ampio spiazzo erboso.<\/span><\/p>\n<p><span style=\"color: #333333;\">Nel dopoguerra il Circolo si trasfer\u00ec a palazzo \u201cMusmeci\u201d, in V.le XX Settembre e poi, negli anni &#8217;60, il Circolo trov\u00f2 sede in via Etnea 289 e nel 1979, al nr. 101 della stessa via.<\/span><\/p>\n<p><span style=\"color: #333333;\">L\u2019attuale sede del <strong>Circolo dell\u2019Unione Catania<\/strong> <strong>1884<\/strong> \u00e8 stabilita presso il seicentesco <strong>Palazzo Biscari<\/strong>, via Museo Biscari 10.<\/span>[\/vc_column_text][\/vc_column_inner][\/vc_row_inner][\/vc_column][\/vc_row][vc_row css=&#8221;.vc_custom_1699014647172{margin-top: 40px !important;margin-bottom: 40px !important;border-top-width: 2px !important;border-bottom-width: 2px !important;padding-top: 10px !important;padding-bottom: 20px !important;}&#8221; simple_background_color=&#8221;#fbf9f9&#8243;][vc_column][vc_row_inner row_content_width=&#8221;grid&#8221; simple_background_color=&#8221;#fbf9f9&#8243;][vc_column_inner]<div class=\"mkdf-elements-holder   mkdf-three-columns  mkdf-responsive-mode-768 \" ><div class=\"mkdf-eh-item    \"  data-item-class=\"mkdf-eh-custom-1759\" data-680-768=\"0 9% 3% 0\" data-680=\"0 9% 7% 0\">\n\t<div class=\"mkdf-eh-item-inner\">\n\t\t<div class=\"mkdf-eh-item-content mkdf-eh-custom-1759\" style=\"padding: 0 9% 0 0\">\n\t\t\t<div class=\"mkdf-section-title-holder  mkdf-st-standard  mkdf-st-title-left mkdf-st-normal-space \" >\n\t<div class=\"mkdf-st-inner\">\n\t\t\t\t\t<h6 class=\"mkdf-st-subtitle\" style=\"margin-bottom:2px\">\n\t\t\t\tCircolo Unione Catania 1884\t\t\t<\/h6>\n\t\t\t\t\t\t\t<h5 class=\"mkdf-st-title\" style=\"font-weight: 700\">\n\t\t\t\tCIRCOLO\t\t\t\t\t\t\t<\/h5>\n\t\t\t\t\t\t\t\t\t<p class=\"mkdf-st-text\" style=\"margin-top:10px\">\n\t\t\t\tIl Circolo dell\u2019Unione Catania 1884, nasce dalla fusione dei Circoli \u201cUNIONE\u201d e \u201cSPORT CLUB\u201d come associazione apolitica senza scopo di lucro.\t\t\t<\/p>\n\t\t\t<\/div>\n<\/div><a itemprop=\"url\" href=\"https:\/\/circolounionecatania.it\/it\/circolo\/\" target=\"_self\" style=\"font-weight: 400;margin: 20px 0px 0px 0px\" class=\"mkdf-btn mkdf-btn-medium mkdf-btn-simple\"  >\n    <span class=\"mkdf-btn-text\">SCOPRI+<\/span>\n    <\/a>\t\t<\/div>\n\t<\/div>\n<\/div><div class=\"mkdf-eh-item    \"  data-item-class=\"mkdf-eh-custom-6999\" data-680-768=\"0 9% 3% 0\" data-680=\"0 9% 7% 0\">\n\t<div class=\"mkdf-eh-item-inner\">\n\t\t<div class=\"mkdf-eh-item-content mkdf-eh-custom-6999\" style=\"padding: 0 9% 0 0\">\n\t\t\t<div class=\"mkdf-section-title-holder  mkdf-st-standard  mkdf-st-title-left mkdf-st-normal-space \" >\n\t<div class=\"mkdf-st-inner\">\n\t\t\t\t\t<h6 class=\"mkdf-st-subtitle\" style=\"margin-bottom:2px\">\n\t\t\t\tCircolo Unione Catania 1884\t\t\t<\/h6>\n\t\t\t\t\t\t\t<h5 class=\"mkdf-st-title\" style=\"font-weight: 700\">\n\t\t\t\tSEDE\t\t\t\t\t\t\t<\/h5>\n\t\t\t\t\t\t\t\t\t<p class=\"mkdf-st-text\" style=\"margin-top:10px\">\n\t\t\t\tLa sede del Circolo Unione Catania 1884 \u00e8 stabilita presso il seicentesco Palazzo Biscari, realizzato dalla famiglia Patern\u00f2 Castello principi di Biscari.\t\t\t<\/p>\n\t\t\t<\/div>\n<\/div><a itemprop=\"url\" href=\"https:\/\/circolounionecatania.it\/it\/sede\/\" target=\"_self\" style=\"font-weight: 400;margin: 20px 0px 0px 0px\" class=\"mkdf-btn mkdf-btn-medium mkdf-btn-simple\"  >\n    <span class=\"mkdf-btn-text\">SCOPRI+<\/span>\n    <\/a>\t\t<\/div>\n\t<\/div>\n<\/div><div class=\"mkdf-eh-item    \"  data-item-class=\"mkdf-eh-custom-6205\">\n\t<div class=\"mkdf-eh-item-inner\">\n\t\t<div class=\"mkdf-eh-item-content mkdf-eh-custom-6205\" style=\"padding: 0 9% 0 0\">\n\t\t\t<div class=\"mkdf-section-title-holder  mkdf-st-standard  mkdf-st-title-left mkdf-st-normal-space \" >\n\t<div class=\"mkdf-st-inner\">\n\t\t\t\t\t<h6 class=\"mkdf-st-subtitle\" style=\"margin-bottom:2px\">\n\t\t\t\tCircolo Unione Catania 1884\t\t\t<\/h6>\n\t\t\t\t\t\t\t<h5 class=\"mkdf-st-title\" style=\"font-weight: 700\">\n\t\t\t\tEVENTI\t\t\t\t\t\t\t<\/h5>\n\t\t\t\t\t\t\t\t\t<p class=\"mkdf-st-text\" style=\"margin-top:10px\">\n\t\t\t\tIl Circolo Unione Catania 1884 organizza mensilmente, in sede o altrove, eventi sociali di natura culturale e ricreativa rivolti ai soci e, ove previsto, ai loro ospiti.\t\t\t<\/p>\n\t\t\t<\/div>\n<\/div><a itemprop=\"url\" href=\"https:\/\/circolounionecatania.it\/it\/eventi\" target=\"_self\" style=\"font-weight: 400;margin: 20px 0px 0px 0px\" class=\"mkdf-btn mkdf-btn-medium mkdf-btn-simple\"  >\n    <span class=\"mkdf-btn-text\">SCOPRI+<\/span>\n    <\/a>\t\t<\/div>\n\t<\/div>\n<\/div><\/div>[\/vc_column_inner][\/vc_row_inner][\/vc_column][\/vc_row][vc_row equal_height=&#8221;yes&#8221; content_placement=&#8221;top&#8221; enable_arrows_animation=&#8221;no&#8221; css=&#8221;.vc_custom_1699198888616{margin-bottom: 30px !important;padding-top: 0px !important;padding-right: 0px !important;padding-bottom: 0px !important;padding-left: 0px !important;background-color: #f9f9f9 !important;}&#8221;][vc_column css=&#8221;.vc_custom_1493370704793{padding-top: 0px !important;padding-bottom: 0px !important;background-color: #f9f9f9 !important;}&#8221; offset=&#8221;vc_col-lg-3 vc_col-md-12&#8243;]<div class=\"mkdf-elements-holder   mkdf-one-column  mkdf-responsive-mode-768 \" ><div class=\"mkdf-eh-item    \"  data-item-class=\"mkdf-eh-custom-9488\" data-1280-1600=\"35px 16px 0 50px\" data-1024-1280=\"28px 14px 0 51px\" data-768-1024=\"30px 89px 42px 134px\" data-680-768=\"20px 90px 40px 87px\" data-680=\"15px 45px 25px 61px\">\n\t<div class=\"mkdf-eh-item-inner\">\n\t\t<div class=\"mkdf-eh-item-content mkdf-eh-custom-9488\" style=\"padding: 100px 50px 0 70px\">\n\t\t\t[vc_column_text]\n<h3>Gallery<\/h3>\n[\/vc_column_text]<div class=\"mkdf-separator-holder clearfix  mkdf-separator-left \">\n\t<div class=\"mkdf-separator\" style=\"border-color: #333132;width: 60px;border-bottom-width: 1px;margin-top: 10px\"><\/div>\n<\/div>\n[vc_column_text]Sede Sociale di Palazzo Biscari[\/vc_column_text][vc_empty_space height=&#8221;8px&#8221;]\t\t<\/div>\n\t<\/div>\n<\/div><\/div>[\/vc_column][vc_column css=&#8221;.vc_custom_1493370933032{padding-top: 0px !important;padding-right: 0px !important;padding-bottom: 0px !important;padding-left: 12px !important;}&#8221; offset=&#8221;vc_col-lg-9 vc_col-md-12&#8243;]<div class=\"mkdf-image-gallery  mkdf-ig-grid-type  mkdf-image-behavior-lightbox \">\n\t<div class=\"mkdf-ig-inner mkdf-ig-grid mkdf-ig-four-columns mkdf-ig-tiny-space\">\n\t\t\t\t\t<div class=\"mkdf-ig-image\">\n\t\t\t\t<div class=\"mkdf-ig-image-inner\">\n\t\t\t\t\t\t\t\t\t\t\t<a itemprop=\"image\" class=\"mkdf-ig-lightbox\" href=\"https:\/\/www.circolounionecatania.it\/wp-content\/uploads\/2023\/11\/terrazza-circolo-unione.jpg\" data-rel=\"prettyPhoto[image_gallery_pretty_photo-482]\" title=\"Palazzo Biscari 1693 &#8211; Catania\">\n\t\t\t\t\t\t\t\t\t\t\t<img loading=\"lazy\" decoding=\"async\" src=\"https:\/\/www.circolounionecatania.it\/wp-content\/uploads\/2023\/11\/terrazza-circolo-unione-250x250.jpg\" alt=\"Palazzo Biscari 1693 - Catania\" width=\"250\" height=\"250\" \/>\t\t\t\t\t\t\t\t\t\t\t<\/a>\n\t\t\t\t\t\t\t\t\t<\/div>\n\t\t\t<\/div>\n\t\t\t\t\t<div class=\"mkdf-ig-image\">\n\t\t\t\t<div class=\"mkdf-ig-image-inner\">\n\t\t\t\t\t\t\t\t\t\t\t<a itemprop=\"image\" class=\"mkdf-ig-lightbox\" href=\"https:\/\/www.circolounionecatania.it\/wp-content\/uploads\/2023\/11\/palazzo-scammacca.png\" data-rel=\"prettyPhoto[image_gallery_pretty_photo-482]\" title=\"Palazzo Biscari 1693 &#8211; Catania\">\n\t\t\t\t\t\t\t\t\t\t\t<img loading=\"lazy\" decoding=\"async\" src=\"https:\/\/www.circolounionecatania.it\/wp-content\/uploads\/2023\/11\/palazzo-scammacca-250x250.png\" alt=\"Palazzo Biscari 1693 - Catania\" width=\"250\" height=\"250\" \/>\t\t\t\t\t\t\t\t\t\t\t<\/a>\n\t\t\t\t\t\t\t\t\t<\/div>\n\t\t\t<\/div>\n\t\t\t\t\t<div class=\"mkdf-ig-image\">\n\t\t\t\t<div class=\"mkdf-ig-image-inner\">\n\t\t\t\t\t\t\t\t\t\t\t<a itemprop=\"image\" class=\"mkdf-ig-lightbox\" href=\"https:\/\/www.circolounionecatania.it\/wp-content\/uploads\/2023\/12\/circolo-unione-56-jpg.webp\" data-rel=\"prettyPhoto[image_gallery_pretty_photo-482]\" title=\"Circolo Unione Catania 1884\">\n\t\t\t\t\t\t\t\t\t\t\t<img loading=\"lazy\" decoding=\"async\" src=\"https:\/\/www.circolounionecatania.it\/wp-content\/uploads\/2023\/12\/circolo-unione-56-jpg-250x250.webp\" alt=\"Circolo Unione Catania 1884\" width=\"250\" height=\"250\" \/>\t\t\t\t\t\t\t\t\t\t\t<\/a>\n\t\t\t\t\t\t\t\t\t<\/div>\n\t\t\t<\/div>\n\t\t\t\t\t<div class=\"mkdf-ig-image\">\n\t\t\t\t<div class=\"mkdf-ig-image-inner\">\n\t\t\t\t\t\t\t\t\t\t\t<a itemprop=\"image\" class=\"mkdf-ig-lightbox\" href=\"https:\/\/www.circolounionecatania.it\/wp-content\/uploads\/2023\/11\/IMG_1033.png\" data-rel=\"prettyPhoto[image_gallery_pretty_photo-482]\" title=\"Circolo Unione Catania 1884\">\n\t\t\t\t\t\t\t\t\t\t\t<img loading=\"lazy\" decoding=\"async\" src=\"https:\/\/www.circolounionecatania.it\/wp-content\/uploads\/2023\/11\/IMG_1033-250x250.png\" alt=\"Circolo Unione Catania 1884\" width=\"250\" height=\"250\" \/>\t\t\t\t\t\t\t\t\t\t\t<\/a>\n\t\t\t\t\t\t\t\t\t<\/div>\n\t\t\t<\/div>\n\t\t\t<\/div>\n<\/div>[\/vc_column][\/vc_row]\n<\/div>","protected":false},"excerpt":{"rendered":"<p>[vc_row content_placement=&#8221;middle&#8221; row_content_width=&#8221;grid&#8221; css=&#8221;.vc_custom_1675678732344{margin-top: 80px !important;}&#8221;][vc_column width=&#8221;2\/3&#8243;][vc_empty_space height=&#8221;20px&#8221;][vc_column_text]Il Circolo dell&#8217;Unione di Catania viene fondato nel 1884 dalla \u00e9lite catanese, ancora scossa dal ricordo del saccheggio e del rogo degli splendidi arredi del settecentesco &#8220;Circolo dei Nobili&#8221; distrutti il 25 agosto [&hellip;]<\/p>\n","protected":false},"author":5,"featured_media":0,"parent":0,"menu_order":0,"comment_status":"closed","ping_status":"closed","template":"full-width.php","meta":{"footnotes":""},"class_list":["post-16177","page","type-page","status-publish","hentry"],"yoast_head":"<!-- This site is optimized with the Yoast SEO plugin v27.3 - https:\/\/yoast.com\/product\/yoast-seo-wordpress\/ -->\n<title>Storia | Circolo Unione Catania 1884<\/title>\n<meta name=\"description\" content=\"Il Circolo dell\u2019Unione di Catania viene fondato nel 1884 dalla \u00e9lite catanese, ancora scossa dal ricordo del saccheggio e del rogo del settecentesco \u201cCircolo dei Nobili\u201d del 1782.\" \/>\n<meta name=\"robots\" content=\"noindex, nofollow\" \/>\n<meta property=\"og:locale\" content=\"it_IT\" \/>\n<meta property=\"og:type\" content=\"article\" \/>\n<meta property=\"og:title\" content=\"Storia | Circolo Unione Catania 1884\" \/>\n<meta property=\"og:description\" content=\"Il Circolo dell\u2019Unione di Catania viene fondato nel 1884 dalla \u00e9lite catanese, ancora scossa dal ricordo del saccheggio e del rogo del settecentesco \u201cCircolo dei Nobili\u201d del 1782.\" \/>\n<meta property=\"og:url\" content=\"https:\/\/www.circolounionecatania.it\/it\/storia-circolo-unione-catania-1884\/\" \/>\n<meta property=\"og:site_name\" content=\"Circolo Unione Catania\" \/>\n<meta property=\"article:modified_time\" content=\"2023-12-02T19:05:17+00:00\" \/>\n<meta name=\"twitter:card\" content=\"summary_large_image\" \/>\n<meta name=\"twitter:label1\" content=\"Tempo di lettura stimato\" \/>\n\t<meta name=\"twitter:data1\" content=\"4 minuti\" \/>\n<script type=\"application\/ld+json\" class=\"yoast-schema-graph\">{\"@context\":\"https:\\\/\\\/schema.org\",\"@graph\":[{\"@type\":\"WebPage\",\"@id\":\"https:\\\/\\\/www.circolounionecatania.it\\\/it\\\/storia-circolo-unione-catania-1884\\\/\",\"url\":\"https:\\\/\\\/www.circolounionecatania.it\\\/it\\\/storia-circolo-unione-catania-1884\\\/\",\"name\":\"Storia | Circolo Unione Catania 1884\",\"isPartOf\":{\"@id\":\"https:\\\/\\\/www.circolounionecatania.it\\\/it\\\/#website\"},\"datePublished\":\"2023-11-02T18:04:39+00:00\",\"dateModified\":\"2023-12-02T19:05:17+00:00\",\"description\":\"Il Circolo dell\u2019Unione di Catania viene fondato nel 1884 dalla \u00e9lite catanese, ancora scossa dal ricordo del saccheggio e del rogo del settecentesco \u201cCircolo dei Nobili\u201d del 1782.\",\"breadcrumb\":{\"@id\":\"https:\\\/\\\/www.circolounionecatania.it\\\/it\\\/storia-circolo-unione-catania-1884\\\/#breadcrumb\"},\"inLanguage\":\"it-IT\",\"potentialAction\":[{\"@type\":\"ReadAction\",\"target\":[\"https:\\\/\\\/www.circolounionecatania.it\\\/it\\\/storia-circolo-unione-catania-1884\\\/\"]}]},{\"@type\":\"BreadcrumbList\",\"@id\":\"https:\\\/\\\/www.circolounionecatania.it\\\/it\\\/storia-circolo-unione-catania-1884\\\/#breadcrumb\",\"itemListElement\":[{\"@type\":\"ListItem\",\"position\":1,\"name\":\"Home\",\"item\":\"https:\\\/\\\/www.circolounionecatania.it\\\/it\\\/\"},{\"@type\":\"ListItem\",\"position\":2,\"name\":\"Storia\"}]},{\"@type\":\"WebSite\",\"@id\":\"https:\\\/\\\/www.circolounionecatania.it\\\/it\\\/#website\",\"url\":\"https:\\\/\\\/www.circolounionecatania.it\\\/it\\\/\",\"name\":\"Circolo Unione Catania\",\"description\":\"1884\",\"potentialAction\":[{\"@type\":\"SearchAction\",\"target\":{\"@type\":\"EntryPoint\",\"urlTemplate\":\"https:\\\/\\\/www.circolounionecatania.it\\\/it\\\/?s={search_term_string}\"},\"query-input\":{\"@type\":\"PropertyValueSpecification\",\"valueRequired\":true,\"valueName\":\"search_term_string\"}}],\"inLanguage\":\"it-IT\"}]}<\/script>\n<!-- \/ Yoast SEO plugin. -->","yoast_head_json":{"title":"Storia | Circolo Unione Catania 1884","description":"Il Circolo dell\u2019Unione di Catania viene fondato nel 1884 dalla \u00e9lite catanese, ancora scossa dal ricordo del saccheggio e del rogo del settecentesco \u201cCircolo dei Nobili\u201d del 1782.","robots":{"index":"noindex","follow":"nofollow"},"og_locale":"it_IT","og_type":"article","og_title":"Storia | Circolo Unione Catania 1884","og_description":"Il Circolo dell\u2019Unione di Catania viene fondato nel 1884 dalla \u00e9lite catanese, ancora scossa dal ricordo del saccheggio e del rogo del settecentesco \u201cCircolo dei Nobili\u201d del 1782.","og_url":"https:\/\/www.circolounionecatania.it\/it\/storia-circolo-unione-catania-1884\/","og_site_name":"Circolo Unione Catania","article_modified_time":"2023-12-02T19:05:17+00:00","twitter_card":"summary_large_image","twitter_misc":{"Tempo di lettura stimato":"4 minuti"},"schema":{"@context":"https:\/\/schema.org","@graph":[{"@type":"WebPage","@id":"https:\/\/www.circolounionecatania.it\/it\/storia-circolo-unione-catania-1884\/","url":"https:\/\/www.circolounionecatania.it\/it\/storia-circolo-unione-catania-1884\/","name":"Storia | Circolo Unione Catania 1884","isPartOf":{"@id":"https:\/\/www.circolounionecatania.it\/it\/#website"},"datePublished":"2023-11-02T18:04:39+00:00","dateModified":"2023-12-02T19:05:17+00:00","description":"Il Circolo dell\u2019Unione di Catania viene fondato nel 1884 dalla \u00e9lite catanese, ancora scossa dal ricordo del saccheggio e del rogo del settecentesco \u201cCircolo dei Nobili\u201d del 1782.","breadcrumb":{"@id":"https:\/\/www.circolounionecatania.it\/it\/storia-circolo-unione-catania-1884\/#breadcrumb"},"inLanguage":"it-IT","potentialAction":[{"@type":"ReadAction","target":["https:\/\/www.circolounionecatania.it\/it\/storia-circolo-unione-catania-1884\/"]}]},{"@type":"BreadcrumbList","@id":"https:\/\/www.circolounionecatania.it\/it\/storia-circolo-unione-catania-1884\/#breadcrumb","itemListElement":[{"@type":"ListItem","position":1,"name":"Home","item":"https:\/\/www.circolounionecatania.it\/it\/"},{"@type":"ListItem","position":2,"name":"Storia"}]},{"@type":"WebSite","@id":"https:\/\/www.circolounionecatania.it\/it\/#website","url":"https:\/\/www.circolounionecatania.it\/it\/","name":"Circolo Unione Catania","description":"1884","potentialAction":[{"@type":"SearchAction","target":{"@type":"EntryPoint","urlTemplate":"https:\/\/www.circolounionecatania.it\/it\/?s={search_term_string}"},"query-input":{"@type":"PropertyValueSpecification","valueRequired":true,"valueName":"search_term_string"}}],"inLanguage":"it-IT"}]}},"_links":{"self":[{"href":"https:\/\/www.circolounionecatania.it\/it\/wp-json\/wp\/v2\/pages\/16177","targetHints":{"allow":["GET"]}}],"collection":[{"href":"https:\/\/www.circolounionecatania.it\/it\/wp-json\/wp\/v2\/pages"}],"about":[{"href":"https:\/\/www.circolounionecatania.it\/it\/wp-json\/wp\/v2\/types\/page"}],"author":[{"embeddable":true,"href":"https:\/\/www.circolounionecatania.it\/it\/wp-json\/wp\/v2\/users\/5"}],"replies":[{"embeddable":true,"href":"https:\/\/www.circolounionecatania.it\/it\/wp-json\/wp\/v2\/comments?post=16177"}],"version-history":[{"count":2,"href":"https:\/\/www.circolounionecatania.it\/it\/wp-json\/wp\/v2\/pages\/16177\/revisions"}],"predecessor-version":[{"id":17691,"href":"https:\/\/www.circolounionecatania.it\/it\/wp-json\/wp\/v2\/pages\/16177\/revisions\/17691"}],"wp:attachment":[{"href":"https:\/\/www.circolounionecatania.it\/it\/wp-json\/wp\/v2\/media?parent=16177"}],"curies":[{"name":"wp","href":"https:\/\/api.w.org\/{rel}","templated":true}]}}